{"id":1673,"date":"2023-11-03T11:40:12","date_gmt":"2023-11-03T09:40:12","guid":{"rendered":"https:\/\/www.pik-vrbovec.hr\/pik-purece-sunke\/?page_id=1673"},"modified":"2023-11-03T11:48:42","modified_gmt":"2023-11-03T09:48:42","slug":"pravila-nagradnog-natjecaja-pik-detektiv","status":"publish","type":"page","link":"https:\/\/www.pik-vrbovec.hr\/pik-purece-sunke\/pravila-nagradnog-natjecaja-pik-detektiv\/","title":{"rendered":"PRAVILA NAGRADNOG NATJE\u010cAJA &#8211; PIK detektiv"},"content":{"rendered":"\t\t<div data-elementor-type=\"wp-page\" data-elementor-id=\"1673\" class=\"elementor elementor-1673\" data-elementor-post-type=\"page\">\n\t\t\t\t\t\t\t\t\t<section class=\"elementor-section elementor-top-section elementor-element elementor-element-abf4d3c elementor-section-boxed elementor-section-height-default elementor-section-height-default\" data-id=\"abf4d3c\" data-element_type=\"section\">\n\t\t\t\t\t\t<div class=\"elementor-container elementor-column-gap-default\">\n\t\t\t\t\t<div class=\"elementor-column elementor-col-100 elementor-top-column elementor-element elementor-element-bd97063\" data-id=\"bd97063\" data-element_type=\"column\">\n\t\t\t<div class=\"elementor-widget-wrap elementor-element-populated\">\n\t\t\t\t\t\t\t\t<div class=\"elementor-element elementor-element-a6aa79b elementor-widget elementor-widget-image\" data-id=\"a6aa79b\" data-element_type=\"widget\" data-widget_type=\"image.default\">\n\t\t\t\t<div class=\"elementor-widget-container\">\n\t\t\t<style>\/*! elementor - v3.16.0 - 20-09-2023 *\/\n.elementor-widget-image{text-align:center}.elementor-widget-image a{display:inline-block}.elementor-widget-image a img[src$=\".svg\"]{width:48px}.elementor-widget-image img{vertical-align:middle;display:inline-block}<\/style>\t\t\t\t\t\t\t\t\t\t\t\t<img loading=\"lazy\" decoding=\"async\" width=\"512\" height=\"512\" src=\"https:\/\/www.pik-vrbovec.hr\/pik-purece-sunke\/wp-content\/uploads\/2023\/10\/cropped-pik-logo.png\" class=\"attachment-large size-large wp-image-929\" alt=\"\" srcset=\"https:\/\/www.pik-vrbovec.hr\/pik-purece-sunke\/wp-content\/uploads\/2023\/10\/cropped-pik-logo.png 512w, https:\/\/www.pik-vrbovec.hr\/pik-purece-sunke\/wp-content\/uploads\/2023\/10\/cropped-pik-logo-300x300.png 300w, https:\/\/www.pik-vrbovec.hr\/pik-purece-sunke\/wp-content\/uploads\/2023\/10\/cropped-pik-logo-150x150.png 150w, https:\/\/www.pik-vrbovec.hr\/pik-purece-sunke\/wp-content\/uploads\/2023\/10\/cropped-pik-logo-270x270.png 270w, https:\/\/www.pik-vrbovec.hr\/pik-purece-sunke\/wp-content\/uploads\/2023\/10\/cropped-pik-logo-192x192.png 192w, https:\/\/www.pik-vrbovec.hr\/pik-purece-sunke\/wp-content\/uploads\/2023\/10\/cropped-pik-logo-180x180.png 180w, https:\/\/www.pik-vrbovec.hr\/pik-purece-sunke\/wp-content\/uploads\/2023\/10\/cropped-pik-logo-32x32.png 32w\" sizes=\"auto, (max-width: 512px) 100vw, 512px\" \/>\t\t\t\t\t\t\t\t\t\t\t\t\t\t\t<\/div>\n\t\t\t\t<\/div>\n\t\t\t\t<div class=\"elementor-element elementor-element-9604f87 elementor-widget elementor-widget-heading\" data-id=\"9604f87\" data-element_type=\"widget\" data-widget_type=\"heading.default\">\n\t\t\t\t<div class=\"elementor-widget-container\">\n\t\t\t<style>\/*! elementor - v3.16.0 - 20-09-2023 *\/\n.elementor-heading-title{padding:0;margin:0;line-height:1}.elementor-widget-heading .elementor-heading-title[class*=elementor-size-]>a{color:inherit;font-size:inherit;line-height:inherit}.elementor-widget-heading .elementor-heading-title.elementor-size-small{font-size:15px}.elementor-widget-heading .elementor-heading-title.elementor-size-medium{font-size:19px}.elementor-widget-heading .elementor-heading-title.elementor-size-large{font-size:29px}.elementor-widget-heading .elementor-heading-title.elementor-size-xl{font-size:39px}.elementor-widget-heading .elementor-heading-title.elementor-size-xxl{font-size:59px}<\/style><h2 class=\"elementor-heading-title elementor-size-default\">PRAVILA NAGRADNOG NATJE\u010cAJA \u201ePIK detektiv\u201c\n<\/h2>\t\t<\/div>\n\t\t\t\t<\/div>\n\t\t\t\t<div class=\"elementor-element elementor-element-33cd954 elementor-widget elementor-widget-text-editor\" data-id=\"33cd954\" data-element_type=\"widget\" data-widget_type=\"text-editor.default\">\n\t\t\t\t<div class=\"elementor-widget-container\">\n\t\t\t<style>\/*! elementor - v3.16.0 - 20-09-2023 *\/\n.elementor-widget-text-editor.elementor-drop-cap-view-stacked .elementor-drop-cap{background-color:#69727d;color:#fff}.elementor-widget-text-editor.elementor-drop-cap-view-framed .elementor-drop-cap{color:#69727d;border:3px solid;background-color:transparent}.elementor-widget-text-editor:not(.elementor-drop-cap-view-default) .elementor-drop-cap{margin-top:8px}.elementor-widget-text-editor:not(.elementor-drop-cap-view-default) .elementor-drop-cap-letter{width:1em;height:1em}.elementor-widget-text-editor .elementor-drop-cap{float:left;text-align:center;line-height:1;font-size:50px}.elementor-widget-text-editor .elementor-drop-cap-letter{display:inline-block}<\/style>\t\t\t\t<p><span style=\"text-align: center !important;\"><strong>\u010clanak 1. Prire\u0111iva\u010d nagradnog natje\u010daja<\/strong><\/span><\/p><p>Prire\u0111iva\u010d nagradnog natje\u010daja je PIK VRBOVEC plus d.o.o. (dalje u tekstu: Organizator), Zagreba\u010dka 148, 10340 Vrbovec, OIB: 41976933718, MB: 4938941.<\/p><p><span style=\"text-align: center;\"><strong>\u010clanak 2. Svrha organizacije<\/strong><\/span><\/p><p>Svrha organizacije nagradnog natje\u010daja je promid\u017eba proizvoda i usluga Organizatora.<\/p><p><span style=\"text-align: center;\"><strong>\u010clanak 3. Lokacija odvijanja<\/strong><\/span><\/p><p>Nagradni natje\u010daj odvija se na web stranici <a href=\"https:\/\/www.pik-vrbovec.hr\/pik-purece-sunke\/\">https:\/\/www.pik-vrbovec.hr\/pik-purece-sunke\/<\/a>. \u00a0Navedena stranica u vlasni\u0161tvu je tvrtke PIK VRBOVEC plus d.o.o.<\/p><p><span style=\"text-align: center;\"><strong>\u010clanak 4. Trajanje<\/strong><\/span><\/p><p>Nagradni natje\u010daj traje od 6. studenoga 2023. do 26. studenoga 2023. godine u 23:59 sati. Imena dobitnika bit \u0107e objavljena do 30. studenoga 2023. na internetskim stranicama na kojima se nagradni natje\u010daj odvija \u2013 <a href=\"https:\/\/www.pik-vrbovec.hr\/pik-purece-sunke\/\">https:\/\/www.pik-vrbovec.hr\/pik-purece-sunke\/<\/a>.<\/p><p><span style=\"text-align: center;\"><strong>\u010clanak 5. Pravo sudjelovanja<\/strong><\/span><\/p><p>Pravo sudjelovanja u nagradnom natje\u010daju imaju svi gra\u0111ani Republike Hrvatske s prebivali\u0161tem u Republici Hrvatskoj, koji prihva\u0107aju Pravila nagradnog natje\u010daja. Maloljetne osobe ne mogu sudjelovati u nagradnom natje\u010daju. Pravo sudjelovanja u nagradnom natje\u010daju nemaju radnici Organizatora niti osobe koje sudjeluju u organizaciji nagradnog natje\u010daja te \u010dlanovi njihovih u\u017eih obitelji.<\/p><p><span style=\"text-align: center;\"><strong>\u010clanak 6. Kako sudjelovati<\/strong><\/span><\/p><p>U natje\u010daju sudjeluju korisnici koji na gore navedenoj web stranici u razdoblju trajanja nagradnog natje\u010daja unesu i po\u0161alju svoje podatke (ime i prezime, e-mail adresu) i odgovor na ponu\u0111enu zagonetku prihva\u0107aju\u0107i pravila nagradnog natje\u010daja. Korisnik daje privolu da se njegovi osobni podaci (ime i prezime, e-mail adresa) obra\u0111uju u svrhu provedbe ovog nagradnog natje\u010daja te \u0107e isti biti obrisani mjesec dana od dana zavr\u0161etka nagradnog natje\u010daja. Korisnik u svakom trenutku mo\u017ee povu\u0107i dopu\u0161tenje za kori\u0161tenje podataka slanjem e-maila na adresu: <a href=\"mailto:pik@pik-vrbovec.hr\">pik@pik-vrbovec.hr<\/a>.<\/p><p>Tri najbr\u017ee prijava s to\u010dnim odgovorom bit \u0107e nagra\u0111ene s ukupno 3 nagrade, po jedna za svakog od tri sudionika koji su bili najbr\u017ei, a to\u010dni. Osoba mo\u017ee sudjelovati u nagradnom natje\u010daju samo jednom s jednom e-mail adresom odnosno jednim odgovorom.<\/p><p><span style=\"text-align: center;\"><strong>\u010clanak 7. Fond nagrada<\/strong><\/span><\/p><p>Nagradni fond uklju\u010duje 3 (slovima: tri) nagrade (TOSTER BOSCH TCG4215), po jednu za svakog dobitnika.<\/p><p>Nagradu nije mogu\u0107e zamijeniti za novac. Sudionici u nagradnom natje\u010daju nemaju pravo zahtijevati druga\u010diju nagradu ili u ve\u0107im koli\u010dinama od onih predvi\u0111enih ovim Pravilima.<\/p><p><strong>\u010clanak 8. Uvjeti pod kojima se nagradni natje\u010daj mo\u017ee prekinuti<\/strong><\/p><p>Nagradni natje\u010daj mo\u017ee biti prekinut ili izmijenjen u bilo kojem trenutku prema odluci Organizatora bez posebnog obrazlo\u017eenja. U slu\u010daju prekida sudionici \u0107e biti obavije\u0161teni na navedenoj web stranici.<\/p><p><span style=\"text-align: center;\"><strong>\u010clanak 9. Odabir i objava dobitnika<\/strong><\/span><\/p><p>Nagra\u0111eni mogu biti samo sudionici koji su sudjelovali u nagradnom natje\u010daju i koji su ostvarili uvjete navedene u \u010dlanku 5. Imena sudionika koji su osvojili nagrade bit \u0107e objavljeni na ranije navedenoj web stranici, a datum objave je do 30. studenoga 2023. godine.<\/p><p><span style=\"text-align: center;\"><strong>\u010clanak 10. Preuzimanja nagrade<\/strong><\/span><\/p><p>Dobitnik \u0107e obavijest o nagradi dobiti putem e-maila te \u0107e morati potvrditi ili dopuniti svoje podatke zbog dostave nagrade.<\/p><p>Ako Organizator ne uspije ostvariti kontakt s dobitnikom u roku od 48 sati od objave dobitnika, dobitnik gubi pravo na nagradu. Nagrada je prenosiva na tre\u0107u osobu uz prethodnu najavu Organizatoru.<\/p><p><span style=\"text-align: center;\"><strong>\u010clanak 11. Publicitet<\/strong><\/span><\/p><p>Sudjelovanjem u ovom nagradnom natje\u010daju, sudionici su suglasni da se, ako postanu dobitnici nagrade, njihovo ime i prezime objavi na stranici https:\/\/www.pik-vrbovec.hr\/<\/p><p><span style=\"text-align: center;\"><strong>\u010clanak 12. Odgovornosti<\/strong><\/span><\/p><p>Organizator ne preuzima odgovornosti za:<\/p><ul><li>bilo koje posljedice koje su nastale kao rezultat zloupotrebe sadr\u017eaja od strane sudionika i zloupotrebe sustava pri funkcioniranju natjecanja na \u0161tetu sudionika ili tre\u0107e osobe;<\/li><li>(ne)funkcioniranje interneta, stranice <a href=\"https:\/\/www.pik-vrbovec.hr\">https:\/\/www.pik-vrbovec.hr<\/a>, Facebook stranice i Instagram profila PIK-a Vrbovec i posljedice (ne)funkcioniranja bez obzira na razlog (ne)funkcioniranja;<\/li><\/ul><p>Organizator tako\u0111er ima pravo bez obrazlo\u017eenja ukloniti sve sadr\u017eaje koji predstavljaju diskriminaciju, pogrdni sadr\u017eaj i vrije\u0111anje na rasnoj, vjerskoj ili bilo kojoj drugoj osnovi po vlastitoj prosudbi.<\/p><p><span style=\"text-align: center;\"><strong>\u010clanak 13. Porezi<\/strong><\/span><\/p><p>Dobitnik, kao ni bilo tko od sudionika, ne snosi nikakve poreze povezane s ovim nagradnim natje\u010dajem.<\/p><p><span style=\"text-align: center;\"><strong>\u010clanak 14. Nadle\u017enost suda<\/strong><\/span><\/p><p>Sudionici nagradnog natje\u010daj sudjelovanjem pristaju na pravo Organizatora na tuma\u010denje ovih Pravila te prihva\u0107aju takvo tuma\u010denje koje \u0107e po potrebi izdati komisija Organizatora.<\/p><p>Sudjelovanjem u nagradnom natje\u010daju svaki sudionik prihva\u0107a pravila i obveze iz ovih Pravila.<\/p><p>U slu\u010daju spora izme\u0111u sudionika nagradnog natje\u010daj i Organizatora, ugovara se nadle\u017enost stvarno nadle\u017enog suda u Zagrebu.<\/p><p>U Vrbovcu, 6. studenoga 2023.<\/p>\t\t\t\t\t\t<\/div>\n\t\t\t\t<\/div>\n\t\t\t\t\t<\/div>\n\t\t<\/div>\n\t\t\t\t\t\t\t<\/div>\n\t\t<\/section>\n\t\t\t\t\t\t\t<\/div>\n\t\t","protected":false},"excerpt":{"rendered":"<p>PRAVILA NAGRADNOG NATJE\u010cAJA \u201ePIK detektiv\u201c \u010clanak 1. Prire\u0111iva\u010d nagradnog natje\u010daja Prire\u0111iva\u010d nagradnog natje\u010daja je PIK VRBOVEC plus d.o.o. (dalje u tekstu: Organizator), Zagreba\u010dka 148, 10340 Vrbovec, OIB: 41976933718, MB: 4938941. \u010clanak 2. Svrha organizacije Svrha organizacije nagradnog natje\u010daja je promid\u017eba proizvoda i usluga Organizatora. \u010clanak 3. Lokacija odvijanja Nagradni natje\u010daj odvija se na web stranici [&hellip;]<\/p>\n","protected":false},"author":1,"featured_media":0,"parent":0,"menu_order":0,"comment_status":"closed","ping_status":"closed","template":"elementor_header_footer","meta":{"footnotes":""},"class_list":["post-1673","page","type-page","status-publish","hentry"],"_links":{"self":[{"href":"https:\/\/www.pik-vrbovec.hr\/pik-purece-sunke\/wp-json\/wp\/v2\/pages\/1673","targetHints":{"allow":["GET"]}}],"collection":[{"href":"https:\/\/www.pik-vrbovec.hr\/pik-purece-sunke\/wp-json\/wp\/v2\/pages"}],"about":[{"href":"https:\/\/www.pik-vrbovec.hr\/pik-purece-sunke\/wp-json\/wp\/v2\/types\/page"}],"author":[{"embeddable":true,"href":"https:\/\/www.pik-vrbovec.hr\/pik-purece-sunke\/wp-json\/wp\/v2\/users\/1"}],"replies":[{"embeddable":true,"href":"https:\/\/www.pik-vrbovec.hr\/pik-purece-sunke\/wp-json\/wp\/v2\/comments?post=1673"}],"version-history":[{"count":4,"href":"https:\/\/www.pik-vrbovec.hr\/pik-purece-sunke\/wp-json\/wp\/v2\/pages\/1673\/revisions"}],"predecessor-version":[{"id":1678,"href":"https:\/\/www.pik-vrbovec.hr\/pik-purece-sunke\/wp-json\/wp\/v2\/pages\/1673\/revisions\/1678"}],"wp:attachment":[{"href":"https:\/\/www.pik-vrbovec.hr\/pik-purece-sunke\/wp-json\/wp\/v2\/media?parent=1673"}],"curies":[{"name":"wp","href":"https:\/\/api.w.org\/{rel}","templated":true}]}}