{"id":5377,"date":"2020-03-11T12:17:11","date_gmt":"2020-03-11T12:17:11","guid":{"rendered":"http:\/\/pik-vrbovec.hr\/basic-information\/"},"modified":"2025-10-28T08:03:49","modified_gmt":"2025-10-28T07:03:49","slug":"essential-facts","status":"publish","type":"page","link":"https:\/\/www.pik-vrbovec.hr\/en\/essential-facts\/","title":{"rendered":"Essential facts"},"content":{"rendered":"\t\t<div data-elementor-type=\"wp-page\" data-elementor-id=\"5377\" class=\"elementor elementor-5377\" data-elementor-post-type=\"page\">\n\t\t\t\t\t\t<section class=\"elementor-section elementor-top-section elementor-element elementor-element-97518d9 elementor-section-full_width single-header elementor-section-height-default elementor-section-height-default\" data-id=\"97518d9\" data-element_type=\"section\" data-settings=\"{&quot;background_background&quot;:&quot;classic&quot;}\">\n\t\t\t\t\t\t<div class=\"elementor-container elementor-column-gap-default\">\n\t\t\t\t\t<div class=\"elementor-column elementor-col-100 elementor-top-column elementor-element elementor-element-e09ae7d\" data-id=\"e09ae7d\" data-element_type=\"column\">\n\t\t\t<div class=\"elementor-widget-wrap elementor-element-populated\">\n\t\t\t\t\t\t<div class=\"elementor-element elementor-element-a50b6c1 elementor-widget elementor-widget-image\" data-id=\"a50b6c1\" data-element_type=\"widget\" data-widget_type=\"image.default\">\n\t\t\t\t<div class=\"elementor-widget-container\">\n\t\t\t\t\t\t\t\t\t\t\t\t\t\t\t<img fetchpriority=\"high\" decoding=\"async\" width=\"1920\" height=\"227\" src=\"https:\/\/www.pik-vrbovec.hr\/wp-content\/uploads\/2020\/03\/header-shape-divider.png\" class=\"attachment-full size-full wp-image-262\" alt=\"header shape divider\" srcset=\"https:\/\/www.pik-vrbovec.hr\/wp-content\/uploads\/2020\/03\/header-shape-divider.png 1920w, https:\/\/www.pik-vrbovec.hr\/wp-content\/uploads\/2020\/03\/header-shape-divider-300x35.png 300w, https:\/\/www.pik-vrbovec.hr\/wp-content\/uploads\/2020\/03\/header-shape-divider-1024x121.png 1024w, https:\/\/www.pik-vrbovec.hr\/wp-content\/uploads\/2020\/03\/header-shape-divider-768x91.png 768w, https:\/\/www.pik-vrbovec.hr\/wp-content\/uploads\/2020\/03\/header-shape-divider-1536x182.png 1536w, https:\/\/www.pik-vrbovec.hr\/wp-content\/uploads\/2020\/03\/header-shape-divider-1200x142.png 1200w\" sizes=\"(max-width: 1920px) 100vw, 1920px\" \/>\t\t\t\t\t\t\t\t\t\t\t\t\t\t\t<\/div>\n\t\t\t\t<\/div>\n\t\t\t\t\t<\/div>\n\t\t<\/div>\n\t\t\t\t\t<\/div>\n\t\t<\/section>\n\t\t\t\t<section class=\"elementor-section elementor-top-section elementor-element elementor-element-c88ea6f elementor-section-full_width elementor-section-height-default elementor-section-height-default\" data-id=\"c88ea6f\" data-element_type=\"section\">\n\t\t\t\t\t\t<div class=\"elementor-container elementor-column-gap-default\">\n\t\t\t\t\t<div class=\"elementor-column elementor-col-50 elementor-top-column elementor-element elementor-element-8ceb7e3\" data-id=\"8ceb7e3\" data-element_type=\"column\">\n\t\t\t<div class=\"elementor-widget-wrap elementor-element-populated\">\n\t\t\t\t\t\t<div class=\"elementor-element elementor-element-289fc7a onama-breadcrumb elementor-widget elementor-widget-shortcode\" data-id=\"289fc7a\" data-element_type=\"widget\" data-widget_type=\"shortcode.default\">\n\t\t\t\t<div class=\"elementor-widget-container\">\n\t\t\t\t\t\t\t<div class=\"elementor-shortcode\"><p class=\"breadcrumbs\"><a href=\"https:\/\/www.pik-vrbovec.hr\/en\/\">Home<\/a> > Essential facts<\/p><\/div>\n\t\t\t\t\t\t<\/div>\n\t\t\t\t<\/div>\n\t\t\t\t<div class=\"elementor-element elementor-element-5c1ccdd elementor-hidden-desktop elementor-hidden-tablet elementor-widget elementor-widget-shortcode\" data-id=\"5c1ccdd\" data-element_type=\"widget\" data-widget_type=\"shortcode.default\">\n\t\t\t\t<div class=\"elementor-widget-container\">\n\t\t\t\t\t\t\t<div class=\"elementor-shortcode\"><select id=\"izbornik\" onchange=\"location = this.value;\"><option value=\"https:\/\/www.pik-vrbovec.hr\/osnovni-podaci\/\">Osnovni podaci<\/option><option value=\"https:\/\/www.pik-vrbovec.hr\/o-nama\/\">O nama<\/option><option value=\"https:\/\/www.pik-vrbovec.hr\/misija-i-vizija\/\">Misija i vizija<\/option><option value=\"https:\/\/www.pik-vrbovec.hr\/financije-i-investicije\/\">Financije i investicije<\/option><option value=\"https:\/\/www.pik-vrbovec.hr\/integrirani-sustav-upravljanja\/\">Integrirani sustav upravljanja<\/option><option value=\"https:\/\/www.pik-vrbovec.hr\/kvaliteta-i-sigurnost-hrane\/\">Kvaliteta i sigurnost hrane<\/option><option value=\"https:\/\/www.pik-vrbovec.hr\/zastita-okolisa-energetska-ucinkovitost-zdravlje-i-sigurnost\/\">Za\u0161tita okoli\u0161a, energetska u\u010dinkovitost, zdravlje i sigurnost<\/option><option value=\"https:\/\/www.pik-vrbovec.hr\/distributivna-mapa\/\">Distributivna mapa<\/option><option value=\"https:\/\/www.pik-vrbovec.hr\/eu-projekti\/\">EU projekti<\/option><\/select><\/div>\n\t\t\t\t\t\t<\/div>\n\t\t\t\t<\/div>\n\t\t\t\t<div class=\"elementor-element elementor-element-cefdf03 elementor-hidden-phone o-nama-menu elementor-widget elementor-widget-wp-widget-nav_menu\" data-id=\"cefdf03\" data-element_type=\"widget\" data-widget_type=\"wp-widget-nav_menu.default\">\n\t\t\t\t<div class=\"elementor-widget-container\">\n\t\t\t\t\t<nav class=\"menu-about-us-menu-container\" aria-label=\"Menu\"><ul id=\"menu-about-us-menu\" class=\"menu\"><li id=\"menu-item-5386\" class=\"menu-item menu-item-type-post_type menu-item-object-page menu-item-5386\"><a href=\"https:\/\/www.pik-vrbovec.hr\/en\/essential-facts\/\">Essential facts<\/a><\/li>\n<li id=\"menu-item-5387\" class=\"menu-item menu-item-type-post_type menu-item-object-page menu-item-5387\"><a href=\"https:\/\/www.pik-vrbovec.hr\/en\/mission-and-vision\/\">Mission and vision<\/a><\/li>\n<li id=\"menu-item-5390\" class=\"menu-item menu-item-type-post_type menu-item-object-page menu-item-5390\"><a href=\"https:\/\/www.pik-vrbovec.hr\/en\/finance-and-investment\/\">Finance and Investment<\/a><\/li>\n<li id=\"menu-item-5389\" class=\"menu-item menu-item-type-post_type menu-item-object-page menu-item-5389\"><a href=\"https:\/\/www.pik-vrbovec.hr\/en\/integrated-system\/\">Integrated System<\/a><\/li>\n<li id=\"menu-item-5388\" class=\"menu-item menu-item-type-post_type menu-item-object-page menu-item-5388\"><a href=\"https:\/\/www.pik-vrbovec.hr\/en\/food-quality-and-safety\/\">Food quality and safety<\/a><\/li>\n<li id=\"menu-item-5385\" class=\"menu-item menu-item-type-post_type menu-item-object-page menu-item-5385\"><a href=\"https:\/\/www.pik-vrbovec.hr\/en\/environmental-protection-health-and-safety\/\">Environmental protection, health and safety<\/a><\/li>\n<li id=\"menu-item-5392\" class=\"menu-item menu-item-type-post_type menu-item-object-page menu-item-5392\"><a href=\"https:\/\/www.pik-vrbovec.hr\/en\/distribution-map\/\">Distribution map<\/a><\/li>\n<li id=\"menu-item-5391\" class=\"menu-item menu-item-type-post_type menu-item-object-page menu-item-5391\"><a href=\"https:\/\/www.pik-vrbovec.hr\/en\/eu-projects\/\">EU projects<\/a><\/li>\n<\/ul><\/nav>\t\t\t\t<\/div>\n\t\t\t\t<\/div>\n\t\t\t\t\t<\/div>\n\t\t<\/div>\n\t\t\t\t<div class=\"elementor-column elementor-col-50 elementor-top-column elementor-element elementor-element-87b491b glavni-red animated-slow elementor-invisible\" data-id=\"87b491b\" data-element_type=\"column\" data-settings=\"{&quot;background_background&quot;:&quot;classic&quot;,&quot;animation&quot;:&quot;fadeIn&quot;}\">\n\t\t\t<div class=\"elementor-widget-wrap elementor-element-populated\">\n\t\t\t\t\t\t<div class=\"elementor-element elementor-element-6e241a6 elementor-widget elementor-widget-heading\" data-id=\"6e241a6\" data-element_type=\"widget\" data-widget_type=\"heading.default\">\n\t\t\t\t<div class=\"elementor-widget-container\">\n\t\t\t\t\t<h2 class=\"elementor-heading-title elementor-size-default\">Essential facts<\/h2>\t\t\t\t<\/div>\n\t\t\t\t<\/div>\n\t\t\t\t<div class=\"elementor-element elementor-element-edd9b03 elementor-widget elementor-widget-spacer\" data-id=\"edd9b03\" data-element_type=\"widget\" data-widget_type=\"spacer.default\">\n\t\t\t\t<div class=\"elementor-widget-container\">\n\t\t\t\t\t\t\t<div class=\"elementor-spacer\">\n\t\t\t<div class=\"elementor-spacer-inner\"><\/div>\n\t\t<\/div>\n\t\t\t\t\t\t<\/div>\n\t\t\t\t<\/div>\n\t\t\t\t<div class=\"elementor-element elementor-element-c608a31 elementor-widget elementor-widget-image\" data-id=\"c608a31\" data-element_type=\"widget\" data-widget_type=\"image.default\">\n\t\t\t\t<div class=\"elementor-widget-container\">\n\t\t\t\t\t\t\t\t\t\t\t\t\t\t\t<img decoding=\"async\" width=\"2560\" height=\"1920\" src=\"https:\/\/www.pik-vrbovec.hr\/wp-content\/uploads\/2020\/06\/Podatci-o-tvrtki-scaled.jpg\" class=\"attachment-full size-full wp-image-1950\" alt=\"\" srcset=\"https:\/\/www.pik-vrbovec.hr\/wp-content\/uploads\/2020\/06\/Podatci-o-tvrtki-scaled.jpg 2560w, https:\/\/www.pik-vrbovec.hr\/wp-content\/uploads\/2020\/06\/Podatci-o-tvrtki-300x225.jpg 300w, https:\/\/www.pik-vrbovec.hr\/wp-content\/uploads\/2020\/06\/Podatci-o-tvrtki-1024x768.jpg 1024w, https:\/\/www.pik-vrbovec.hr\/wp-content\/uploads\/2020\/06\/Podatci-o-tvrtki-768x576.jpg 768w, https:\/\/www.pik-vrbovec.hr\/wp-content\/uploads\/2020\/06\/Podatci-o-tvrtki-1536x1152.jpg 1536w, https:\/\/www.pik-vrbovec.hr\/wp-content\/uploads\/2020\/06\/Podatci-o-tvrtki-2048x1536.jpg 2048w, https:\/\/www.pik-vrbovec.hr\/wp-content\/uploads\/2020\/06\/Podatci-o-tvrtki-1200x900.jpg 1200w, https:\/\/www.pik-vrbovec.hr\/wp-content\/uploads\/2020\/06\/Podatci-o-tvrtki-1980x1485.jpg 1980w, https:\/\/www.pik-vrbovec.hr\/wp-content\/uploads\/2020\/06\/Podatci-o-tvrtki-24x18.jpg 24w, https:\/\/www.pik-vrbovec.hr\/wp-content\/uploads\/2020\/06\/Podatci-o-tvrtki-36x27.jpg 36w, https:\/\/www.pik-vrbovec.hr\/wp-content\/uploads\/2020\/06\/Podatci-o-tvrtki-48x36.jpg 48w\" sizes=\"(max-width: 2560px) 100vw, 2560px\" \/>\t\t\t\t\t\t\t\t\t\t\t\t\t\t\t<\/div>\n\t\t\t\t<\/div>\n\t\t\t\t<div class=\"elementor-element elementor-element-cf5d977 elementor-widget elementor-widget-text-editor\" data-id=\"cf5d977\" data-element_type=\"widget\" data-widget_type=\"text-editor.default\">\n\t\t\t\t<div class=\"elementor-widget-container\">\n\t\t\t\t\t\t\t\t\t<p><strong>Company:<\/strong>PIK VRBOVEC plus, a limited liability company for the production and trade of meat and meat products<\/p><p><strong>Headquarters and address:<\/strong> Zagreba\u010dka 148 , 10340 Vrbovec<br \/><strong>Main activity:<\/strong> Production of meat and meat products<br \/><strong>Legal form:<\/strong> A limited liability company<br \/><strong>Members of the Board:<\/strong> <span style=\"letter-spacing: -0.27px\">Davor Ilja\u0161, Ivan Prtori\u0107<\/span><br \/><strong>ID:<\/strong> 41976933718<br \/><strong>Registration number (MB):<\/strong> 4938941<\/p><p><strong>Registration number (MBS):<\/strong> 081180282<br \/><strong>Registration court:<\/strong> Commercial Court in Zagreb<br \/><strong>Share capital of the company:<\/strong> 83.502.650,00 EUR<\/p><p><strong>Bank:<\/strong> ERSTE&amp;STEIERM\u00c4RKISCHE BANK d.d., Rijeka<br \/><strong>IBAN:<\/strong> HR9824020061100913538<br \/><strong>Bank:<\/strong> ZAGREBA\u010cKA BANKA d.d., Zagreb<br \/><strong>IBAN:<\/strong> HR8223600001102711190<\/p><p>PIK VRBOVEC plus d.o.o. is\u00a0part of the <a href=\"https:\/\/fortenova.hr\/en\/home\/\">Fortenova Group<\/a>.\u00a0<\/p>\t\t\t\t\t\t\t\t<\/div>\n\t\t\t\t<\/div>\n\t\t\t\t\t<\/div>\n\t\t<\/div>\n\t\t\t\t\t<\/div>\n\t\t<\/section>\n\t\t\t\t<\/div>\n\t\t","protected":false},"excerpt":{"rendered":"<p>Essential facts Company:PIK VRBOVEC plus, a limited liability company for the production and trade of meat and meat products Headquarters and address: Zagreba\u010dka 148 , 10340 VrbovecMain activity: Production of meat and meat productsLegal form: A limited liability companyMembers of the Board: Davor Ilja\u0161, Ivan Prtori\u0107ID: 41976933718Registration number (MB): 4938941 Registration number (MBS): 081180282Registration court: [&hellip;]<\/p>\n","protected":false},"author":1,"featured_media":1951,"parent":0,"menu_order":0,"comment_status":"closed","ping_status":"closed","template":"elementor_header_footer","meta":{"_acf_changed":false,"footnotes":""},"categories":[],"tags":[],"class_list":["post-5377","page","type-page","status-publish","has-post-thumbnail","hentry"],"acf":[],"yoast_head":"<!-- This site is optimized with the Yoast SEO plugin v27.0 - https:\/\/yoast.com\/product\/yoast-seo-wordpress\/ -->\n<title>Essential facts - Pik Vrbovec<\/title>\n<meta name=\"description\" content=\"Company: PIK VRBOVEC plus, a limited liability company for the production and trade of meat and meat products.\" \/>\n<meta name=\"robots\" content=\"index, follow, max-snippet:-1, max-image-preview:large, max-video-preview:-1\" \/>\n<link rel=\"canonical\" href=\"https:\/\/www.pik-vrbovec.hr\/en\/essential-facts\/\" \/>\n<meta property=\"og:locale\" content=\"en_US\" \/>\n<meta property=\"og:type\" content=\"article\" \/>\n<meta property=\"og:title\" content=\"Essential facts - Pik Vrbovec\" \/>\n<meta property=\"og:description\" content=\"Company: PIK VRBOVEC plus, a limited liability company for the production and trade of meat and meat products.\" \/>\n<meta property=\"og:url\" content=\"https:\/\/www.pik-vrbovec.hr\/en\/essential-facts\/\" \/>\n<meta property=\"og:site_name\" content=\"Pik Vrbovec\" \/>\n<meta property=\"article:modified_time\" content=\"2025-10-28T07:03:49+00:00\" \/>\n<meta property=\"og:image\" content=\"https:\/\/www.pik-vrbovec.hr\/wp-content\/uploads\/2020\/06\/Podatci-o-tvrtki-scaled.jpg\" \/>\n\t<meta property=\"og:image:width\" content=\"2560\" \/>\n\t<meta property=\"og:image:height\" content=\"1920\" \/>\n\t<meta property=\"og:image:type\" content=\"image\/jpeg\" \/>\n<meta name=\"twitter:card\" content=\"summary_large_image\" \/>\n<meta name=\"twitter:label1\" content=\"Est. reading time\" \/>\n\t<meta name=\"twitter:data1\" content=\"2 minutes\" \/>\n<script type=\"application\/ld+json\" class=\"yoast-schema-graph\">{\"@context\":\"https:\/\/schema.org\",\"@graph\":[{\"@type\":\"WebPage\",\"@id\":\"https:\/\/www.pik-vrbovec.hr\/en\/essential-facts\/\",\"url\":\"https:\/\/www.pik-vrbovec.hr\/en\/essential-facts\/\",\"name\":\"Essential facts - Pik Vrbovec\",\"isPartOf\":{\"@id\":\"https:\/\/www.pik-vrbovec.hr\/#website\"},\"primaryImageOfPage\":{\"@id\":\"https:\/\/www.pik-vrbovec.hr\/en\/essential-facts\/#primaryimage\"},\"image\":{\"@id\":\"https:\/\/www.pik-vrbovec.hr\/en\/essential-facts\/#primaryimage\"},\"thumbnailUrl\":\"https:\/\/www.pik-vrbovec.hr\/wp-content\/uploads\/2020\/06\/Podatci-o-tvrtki-scaled.jpg\",\"datePublished\":\"2020-03-11T12:17:11+00:00\",\"dateModified\":\"2025-10-28T07:03:49+00:00\",\"description\":\"Company: PIK VRBOVEC plus, a limited liability company for the production and trade of meat and meat products.\",\"breadcrumb\":{\"@id\":\"https:\/\/www.pik-vrbovec.hr\/en\/essential-facts\/#breadcrumb\"},\"inLanguage\":\"en-US\",\"potentialAction\":[{\"@type\":\"ReadAction\",\"target\":[\"https:\/\/www.pik-vrbovec.hr\/en\/essential-facts\/\"]}]},{\"@type\":\"ImageObject\",\"inLanguage\":\"en-US\",\"@id\":\"https:\/\/www.pik-vrbovec.hr\/en\/essential-facts\/#primaryimage\",\"url\":\"https:\/\/www.pik-vrbovec.hr\/wp-content\/uploads\/2020\/06\/Podatci-o-tvrtki-scaled.jpg\",\"contentUrl\":\"https:\/\/www.pik-vrbovec.hr\/wp-content\/uploads\/2020\/06\/Podatci-o-tvrtki-scaled.jpg\",\"width\":2560,\"height\":1920},{\"@type\":\"BreadcrumbList\",\"@id\":\"https:\/\/www.pik-vrbovec.hr\/en\/essential-facts\/#breadcrumb\",\"itemListElement\":[{\"@type\":\"ListItem\",\"position\":1,\"name\":\"Home\",\"item\":\"https:\/\/www.pik-vrbovec.hr\/en\/\"},{\"@type\":\"ListItem\",\"position\":2,\"name\":\"Essential facts\"}]},{\"@type\":\"WebSite\",\"@id\":\"https:\/\/www.pik-vrbovec.hr\/#website\",\"url\":\"https:\/\/www.pik-vrbovec.hr\/\",\"name\":\"Pik Vrbovec\",\"description\":\"\",\"publisher\":{\"@id\":\"https:\/\/www.pik-vrbovec.hr\/#organization\"},\"potentialAction\":[{\"@type\":\"SearchAction\",\"target\":{\"@type\":\"EntryPoint\",\"urlTemplate\":\"https:\/\/www.pik-vrbovec.hr\/?s={search_term_string}\"},\"query-input\":{\"@type\":\"PropertyValueSpecification\",\"valueRequired\":true,\"valueName\":\"search_term_string\"}}],\"inLanguage\":\"en-US\"},{\"@type\":\"Organization\",\"@id\":\"https:\/\/www.pik-vrbovec.hr\/#organization\",\"name\":\"Pik Vrbovec\",\"url\":\"https:\/\/www.pik-vrbovec.hr\/\",\"logo\":{\"@type\":\"ImageObject\",\"inLanguage\":\"en-US\",\"@id\":\"https:\/\/www.pik-vrbovec.hr\/#\/schema\/logo\/image\/\",\"url\":\"https:\/\/www.pik-vrbovec.hr\/wp-content\/uploads\/2022\/02\/pik-logo.svg\",\"contentUrl\":\"https:\/\/www.pik-vrbovec.hr\/wp-content\/uploads\/2022\/02\/pik-logo.svg\",\"width\":84,\"height\":84,\"caption\":\"Pik Vrbovec\"},\"image\":{\"@id\":\"https:\/\/www.pik-vrbovec.hr\/#\/schema\/logo\/image\/\"}}]}<\/script>\n<!-- \/ Yoast SEO plugin. -->","yoast_head_json":{"title":"Essential facts - Pik Vrbovec","description":"Company: PIK VRBOVEC plus, a limited liability company for the production and trade of meat and meat products.","robots":{"index":"index","follow":"follow","max-snippet":"max-snippet:-1","max-image-preview":"max-image-preview:large","max-video-preview":"max-video-preview:-1"},"canonical":"https:\/\/www.pik-vrbovec.hr\/en\/essential-facts\/","og_locale":"en_US","og_type":"article","og_title":"Essential facts - Pik Vrbovec","og_description":"Company: PIK VRBOVEC plus, a limited liability company for the production and trade of meat and meat products.","og_url":"https:\/\/www.pik-vrbovec.hr\/en\/essential-facts\/","og_site_name":"Pik Vrbovec","article_modified_time":"2025-10-28T07:03:49+00:00","og_image":[{"width":2560,"height":1920,"url":"https:\/\/www.pik-vrbovec.hr\/wp-content\/uploads\/2020\/06\/Podatci-o-tvrtki-scaled.jpg","type":"image\/jpeg"}],"twitter_card":"summary_large_image","twitter_misc":{"Est. reading time":"2 minutes"},"schema":{"@context":"https:\/\/schema.org","@graph":[{"@type":"WebPage","@id":"https:\/\/www.pik-vrbovec.hr\/en\/essential-facts\/","url":"https:\/\/www.pik-vrbovec.hr\/en\/essential-facts\/","name":"Essential facts - Pik Vrbovec","isPartOf":{"@id":"https:\/\/www.pik-vrbovec.hr\/#website"},"primaryImageOfPage":{"@id":"https:\/\/www.pik-vrbovec.hr\/en\/essential-facts\/#primaryimage"},"image":{"@id":"https:\/\/www.pik-vrbovec.hr\/en\/essential-facts\/#primaryimage"},"thumbnailUrl":"https:\/\/www.pik-vrbovec.hr\/wp-content\/uploads\/2020\/06\/Podatci-o-tvrtki-scaled.jpg","datePublished":"2020-03-11T12:17:11+00:00","dateModified":"2025-10-28T07:03:49+00:00","description":"Company: PIK VRBOVEC plus, a limited liability company for the production and trade of meat and meat products.","breadcrumb":{"@id":"https:\/\/www.pik-vrbovec.hr\/en\/essential-facts\/#breadcrumb"},"inLanguage":"en-US","potentialAction":[{"@type":"ReadAction","target":["https:\/\/www.pik-vrbovec.hr\/en\/essential-facts\/"]}]},{"@type":"ImageObject","inLanguage":"en-US","@id":"https:\/\/www.pik-vrbovec.hr\/en\/essential-facts\/#primaryimage","url":"https:\/\/www.pik-vrbovec.hr\/wp-content\/uploads\/2020\/06\/Podatci-o-tvrtki-scaled.jpg","contentUrl":"https:\/\/www.pik-vrbovec.hr\/wp-content\/uploads\/2020\/06\/Podatci-o-tvrtki-scaled.jpg","width":2560,"height":1920},{"@type":"BreadcrumbList","@id":"https:\/\/www.pik-vrbovec.hr\/en\/essential-facts\/#breadcrumb","itemListElement":[{"@type":"ListItem","position":1,"name":"Home","item":"https:\/\/www.pik-vrbovec.hr\/en\/"},{"@type":"ListItem","position":2,"name":"Essential facts"}]},{"@type":"WebSite","@id":"https:\/\/www.pik-vrbovec.hr\/#website","url":"https:\/\/www.pik-vrbovec.hr\/","name":"Pik Vrbovec","description":"","publisher":{"@id":"https:\/\/www.pik-vrbovec.hr\/#organization"},"potentialAction":[{"@type":"SearchAction","target":{"@type":"EntryPoint","urlTemplate":"https:\/\/www.pik-vrbovec.hr\/?s={search_term_string}"},"query-input":{"@type":"PropertyValueSpecification","valueRequired":true,"valueName":"search_term_string"}}],"inLanguage":"en-US"},{"@type":"Organization","@id":"https:\/\/www.pik-vrbovec.hr\/#organization","name":"Pik Vrbovec","url":"https:\/\/www.pik-vrbovec.hr\/","logo":{"@type":"ImageObject","inLanguage":"en-US","@id":"https:\/\/www.pik-vrbovec.hr\/#\/schema\/logo\/image\/","url":"https:\/\/www.pik-vrbovec.hr\/wp-content\/uploads\/2022\/02\/pik-logo.svg","contentUrl":"https:\/\/www.pik-vrbovec.hr\/wp-content\/uploads\/2022\/02\/pik-logo.svg","width":84,"height":84,"caption":"Pik Vrbovec"},"image":{"@id":"https:\/\/www.pik-vrbovec.hr\/#\/schema\/logo\/image\/"}}]}},"_links":{"self":[{"href":"https:\/\/www.pik-vrbovec.hr\/en\/wp-json\/wp\/v2\/pages\/5377","targetHints":{"allow":["GET"]}}],"collection":[{"href":"https:\/\/www.pik-vrbovec.hr\/en\/wp-json\/wp\/v2\/pages"}],"about":[{"href":"https:\/\/www.pik-vrbovec.hr\/en\/wp-json\/wp\/v2\/types\/page"}],"author":[{"embeddable":true,"href":"https:\/\/www.pik-vrbovec.hr\/en\/wp-json\/wp\/v2\/users\/1"}],"replies":[{"embeddable":true,"href":"https:\/\/www.pik-vrbovec.hr\/en\/wp-json\/wp\/v2\/comments?post=5377"}],"version-history":[{"count":55,"href":"https:\/\/www.pik-vrbovec.hr\/en\/wp-json\/wp\/v2\/pages\/5377\/revisions"}],"predecessor-version":[{"id":11318,"href":"https:\/\/www.pik-vrbovec.hr\/en\/wp-json\/wp\/v2\/pages\/5377\/revisions\/11318"}],"wp:featuredmedia":[{"embeddable":true,"href":"https:\/\/www.pik-vrbovec.hr\/en\/wp-json\/wp\/v2\/media\/1951"}],"wp:attachment":[{"href":"https:\/\/www.pik-vrbovec.hr\/en\/wp-json\/wp\/v2\/media?parent=5377"}],"wp:term":[{"taxonomy":"category","embeddable":true,"href":"https:\/\/www.pik-vrbovec.hr\/en\/wp-json\/wp\/v2\/categories?post=5377"},{"taxonomy":"post_tag","embeddable":true,"href":"https:\/\/www.pik-vrbovec.hr\/en\/wp-json\/wp\/v2\/tags?post=5377"}],"curies":[{"name":"wp","href":"https:\/\/api.w.org\/{rel}","templated":true}]}}