{"id":5375,"date":"2020-03-11T10:15:33","date_gmt":"2020-03-11T10:15:33","guid":{"rendered":"http:\/\/pik-vrbovec.hr\/mission-and-vision\/"},"modified":"2022-05-17T13:52:37","modified_gmt":"2022-05-17T13:52:37","slug":"mission-and-vision","status":"publish","type":"page","link":"https:\/\/www.pik-vrbovec.hr\/en\/mission-and-vision\/","title":{"rendered":"Mission and vision"},"content":{"rendered":"\t\t<div data-elementor-type=\"wp-page\" data-elementor-id=\"5375\" class=\"elementor elementor-5375\" data-elementor-post-type=\"page\">\n\t\t\t\t\t\t<section class=\"elementor-section elementor-top-section elementor-element elementor-element-97518d9 elementor-section-full_width single-header elementor-section-height-default elementor-section-height-default\" data-id=\"97518d9\" data-element_type=\"section\" data-settings=\"{&quot;background_background&quot;:&quot;classic&quot;}\">\n\t\t\t\t\t\t<div class=\"elementor-container elementor-column-gap-default\">\n\t\t\t\t\t<div class=\"elementor-column elementor-col-100 elementor-top-column elementor-element elementor-element-e09ae7d\" data-id=\"e09ae7d\" data-element_type=\"column\">\n\t\t\t<div class=\"elementor-widget-wrap elementor-element-populated\">\n\t\t\t\t\t\t<div class=\"elementor-element elementor-element-a50b6c1 elementor-widget elementor-widget-image\" data-id=\"a50b6c1\" data-element_type=\"widget\" data-widget_type=\"image.default\">\n\t\t\t\t<div class=\"elementor-widget-container\">\n\t\t\t\t\t\t\t\t\t\t\t\t\t\t\t<img fetchpriority=\"high\" decoding=\"async\" width=\"1920\" height=\"227\" src=\"https:\/\/www.pik-vrbovec.hr\/wp-content\/uploads\/2020\/03\/header-shape-divider.png\" class=\"attachment-full size-full wp-image-262\" alt=\"header shape divider\" srcset=\"https:\/\/www.pik-vrbovec.hr\/wp-content\/uploads\/2020\/03\/header-shape-divider.png 1920w, https:\/\/www.pik-vrbovec.hr\/wp-content\/uploads\/2020\/03\/header-shape-divider-300x35.png 300w, https:\/\/www.pik-vrbovec.hr\/wp-content\/uploads\/2020\/03\/header-shape-divider-1024x121.png 1024w, https:\/\/www.pik-vrbovec.hr\/wp-content\/uploads\/2020\/03\/header-shape-divider-768x91.png 768w, https:\/\/www.pik-vrbovec.hr\/wp-content\/uploads\/2020\/03\/header-shape-divider-1536x182.png 1536w, https:\/\/www.pik-vrbovec.hr\/wp-content\/uploads\/2020\/03\/header-shape-divider-1200x142.png 1200w\" sizes=\"(max-width: 1920px) 100vw, 1920px\" \/>\t\t\t\t\t\t\t\t\t\t\t\t\t\t\t<\/div>\n\t\t\t\t<\/div>\n\t\t\t\t\t<\/div>\n\t\t<\/div>\n\t\t\t\t\t<\/div>\n\t\t<\/section>\n\t\t\t\t<section class=\"elementor-section elementor-top-section elementor-element elementor-element-c88ea6f elementor-section-full_width elementor-section-height-default elementor-section-height-default\" data-id=\"c88ea6f\" data-element_type=\"section\">\n\t\t\t\t\t\t<div class=\"elementor-container elementor-column-gap-default\">\n\t\t\t\t\t<div class=\"elementor-column elementor-col-50 elementor-top-column elementor-element elementor-element-8ceb7e3\" data-id=\"8ceb7e3\" data-element_type=\"column\">\n\t\t\t<div class=\"elementor-widget-wrap elementor-element-populated\">\n\t\t\t\t\t\t<div class=\"elementor-element elementor-element-ec8bdd8 onama-breadcrumb elementor-widget elementor-widget-shortcode\" data-id=\"ec8bdd8\" data-element_type=\"widget\" data-widget_type=\"shortcode.default\">\n\t\t\t\t<div class=\"elementor-widget-container\">\n\t\t\t\t\t\t\t<div class=\"elementor-shortcode\"><p class=\"breadcrumbs\"><a href=\"https:\/\/www.pik-vrbovec.hr\/en\/\">Home<\/a> > Mission and vision<\/p><\/div>\n\t\t\t\t\t\t<\/div>\n\t\t\t\t<\/div>\n\t\t\t\t<div class=\"elementor-element elementor-element-5b3f839 elementor-hidden-desktop elementor-hidden-tablet elementor-widget elementor-widget-shortcode\" data-id=\"5b3f839\" data-element_type=\"widget\" data-widget_type=\"shortcode.default\">\n\t\t\t\t<div class=\"elementor-widget-container\">\n\t\t\t\t\t\t\t<div class=\"elementor-shortcode\"><select id=\"izbornik\" onchange=\"location = this.value;\"><option value=\"https:\/\/www.pik-vrbovec.hr\/osnovni-podaci\/\">Osnovni podaci<\/option><option value=\"https:\/\/www.pik-vrbovec.hr\/o-nama\/\">O nama<\/option><option value=\"https:\/\/www.pik-vrbovec.hr\/misija-i-vizija\/\">Misija i vizija<\/option><option value=\"https:\/\/www.pik-vrbovec.hr\/financije-i-investicije\/\">Financije i investicije<\/option><option value=\"https:\/\/www.pik-vrbovec.hr\/integrirani-sustav-upravljanja\/\">Integrirani sustav upravljanja<\/option><option value=\"https:\/\/www.pik-vrbovec.hr\/kvaliteta-i-sigurnost-hrane\/\">Kvaliteta i sigurnost hrane<\/option><option value=\"https:\/\/www.pik-vrbovec.hr\/zastita-okolisa-energetska-ucinkovitost-zdravlje-i-sigurnost\/\">Za\u0161tita okoli\u0161a, energetska u\u010dinkovitost, zdravlje i sigurnost<\/option><option value=\"https:\/\/www.pik-vrbovec.hr\/distributivna-mapa\/\">Distributivna mapa<\/option><option value=\"https:\/\/www.pik-vrbovec.hr\/eu-projekti\/\">EU projekti<\/option><\/select><\/div>\n\t\t\t\t\t\t<\/div>\n\t\t\t\t<\/div>\n\t\t\t\t<div class=\"elementor-element elementor-element-cefdf03 elementor-hidden-phone o-nama-menu elementor-widget elementor-widget-wp-widget-nav_menu\" data-id=\"cefdf03\" data-element_type=\"widget\" data-widget_type=\"wp-widget-nav_menu.default\">\n\t\t\t\t<div class=\"elementor-widget-container\">\n\t\t\t\t\t<nav class=\"menu-about-us-menu-container\" aria-label=\"Menu\"><ul id=\"menu-about-us-menu\" class=\"menu\"><li id=\"menu-item-5386\" class=\"menu-item menu-item-type-post_type menu-item-object-page menu-item-5386\"><a href=\"https:\/\/www.pik-vrbovec.hr\/en\/essential-facts\/\">Essential facts<\/a><\/li>\n<li id=\"menu-item-5387\" class=\"menu-item menu-item-type-post_type menu-item-object-page menu-item-5387\"><a href=\"https:\/\/www.pik-vrbovec.hr\/en\/mission-and-vision\/\">Mission and vision<\/a><\/li>\n<li id=\"menu-item-5390\" class=\"menu-item menu-item-type-post_type menu-item-object-page menu-item-5390\"><a href=\"https:\/\/www.pik-vrbovec.hr\/en\/finance-and-investment\/\">Finance and Investment<\/a><\/li>\n<li id=\"menu-item-5389\" class=\"menu-item menu-item-type-post_type menu-item-object-page menu-item-5389\"><a href=\"https:\/\/www.pik-vrbovec.hr\/en\/integrated-system\/\">Integrated System<\/a><\/li>\n<li id=\"menu-item-5388\" class=\"menu-item menu-item-type-post_type menu-item-object-page menu-item-5388\"><a href=\"https:\/\/www.pik-vrbovec.hr\/en\/food-quality-and-safety\/\">Food quality and safety<\/a><\/li>\n<li id=\"menu-item-5385\" class=\"menu-item menu-item-type-post_type menu-item-object-page menu-item-5385\"><a href=\"https:\/\/www.pik-vrbovec.hr\/en\/environmental-protection-health-and-safety\/\">Environmental protection, health and safety<\/a><\/li>\n<li id=\"menu-item-5392\" class=\"menu-item menu-item-type-post_type menu-item-object-page menu-item-5392\"><a href=\"https:\/\/www.pik-vrbovec.hr\/en\/distribution-map\/\">Distribution map<\/a><\/li>\n<li id=\"menu-item-5391\" class=\"menu-item menu-item-type-post_type menu-item-object-page menu-item-5391\"><a href=\"https:\/\/www.pik-vrbovec.hr\/en\/eu-projects\/\">EU projects<\/a><\/li>\n<\/ul><\/nav>\t\t\t\t<\/div>\n\t\t\t\t<\/div>\n\t\t\t\t\t<\/div>\n\t\t<\/div>\n\t\t\t\t<div class=\"elementor-column elementor-col-50 elementor-top-column elementor-element elementor-element-87b491b glavni-red animated-slow elementor-invisible\" data-id=\"87b491b\" data-element_type=\"column\" data-settings=\"{&quot;background_background&quot;:&quot;classic&quot;,&quot;animation&quot;:&quot;fadeIn&quot;}\">\n\t\t\t<div class=\"elementor-widget-wrap elementor-element-populated\">\n\t\t\t\t\t\t<div class=\"elementor-element elementor-element-6e241a6 elementor-widget elementor-widget-heading\" data-id=\"6e241a6\" data-element_type=\"widget\" data-widget_type=\"heading.default\">\n\t\t\t\t<div class=\"elementor-widget-container\">\n\t\t\t\t\t<h2 class=\"elementor-heading-title elementor-size-default\">Mission and vision<\/h2>\t\t\t\t<\/div>\n\t\t\t\t<\/div>\n\t\t\t\t<div class=\"elementor-element elementor-element-edd9b03 elementor-widget elementor-widget-spacer\" data-id=\"edd9b03\" data-element_type=\"widget\" data-widget_type=\"spacer.default\">\n\t\t\t\t<div class=\"elementor-widget-container\">\n\t\t\t\t\t\t\t<div class=\"elementor-spacer\">\n\t\t\t<div class=\"elementor-spacer-inner\"><\/div>\n\t\t<\/div>\n\t\t\t\t\t\t<\/div>\n\t\t\t\t<\/div>\n\t\t\t\t<div class=\"elementor-element elementor-element-c608a31 elementor-widget elementor-widget-image\" data-id=\"c608a31\" data-element_type=\"widget\" data-widget_type=\"image.default\">\n\t\t\t\t<div class=\"elementor-widget-container\">\n\t\t\t\t\t\t\t\t\t\t\t\t\t\t\t<img decoding=\"async\" width=\"1920\" height=\"1280\" src=\"https:\/\/www.pik-vrbovec.hr\/wp-content\/uploads\/2020\/04\/misija-i-vizija.jpg\" class=\"attachment-full size-full wp-image-1816\" alt=\"\" srcset=\"https:\/\/www.pik-vrbovec.hr\/wp-content\/uploads\/2020\/04\/misija-i-vizija.jpg 1920w, https:\/\/www.pik-vrbovec.hr\/wp-content\/uploads\/2020\/04\/misija-i-vizija-300x200.jpg 300w, https:\/\/www.pik-vrbovec.hr\/wp-content\/uploads\/2020\/04\/misija-i-vizija-1024x683.jpg 1024w, https:\/\/www.pik-vrbovec.hr\/wp-content\/uploads\/2020\/04\/misija-i-vizija-768x512.jpg 768w, https:\/\/www.pik-vrbovec.hr\/wp-content\/uploads\/2020\/04\/misija-i-vizija-1536x1024.jpg 1536w, https:\/\/www.pik-vrbovec.hr\/wp-content\/uploads\/2020\/04\/misija-i-vizija-1200x800.jpg 1200w, https:\/\/www.pik-vrbovec.hr\/wp-content\/uploads\/2020\/04\/misija-i-vizija-24x16.jpg 24w, https:\/\/www.pik-vrbovec.hr\/wp-content\/uploads\/2020\/04\/misija-i-vizija-36x24.jpg 36w, https:\/\/www.pik-vrbovec.hr\/wp-content\/uploads\/2020\/04\/misija-i-vizija-48x32.jpg 48w\" sizes=\"(max-width: 1920px) 100vw, 1920px\" \/>\t\t\t\t\t\t\t\t\t\t\t\t\t\t\t<\/div>\n\t\t\t\t<\/div>\n\t\t\t\t<div class=\"elementor-element elementor-element-cf5d977 elementor-widget elementor-widget-text-editor\" data-id=\"cf5d977\" data-element_type=\"widget\" data-widget_type=\"text-editor.default\">\n\t\t\t\t<div class=\"elementor-widget-container\">\n\t\t\t\t\t\t\t\t\t<p><strong>Mission<\/strong><br \/>The mission of PIK is to create, produce and deliver high quality fresh meat and processed red meat products that will satisfy the needs of consumers. In doing so, we will have acquired consumer confidence, invested in employees cared for their satisfaction, as well as the satisfaction of the community and owners.<\/p><p><strong>Vision<\/strong><br \/>With a rich tradition and the most modern technology, innovative solutions, an approach that sees people as our greatest strength, and most of all product quality, we have become a market leader in the region and a significant entity in the EU market, which further strengthens our leading position in Croatia.<\/p>\t\t\t\t\t\t\t\t<\/div>\n\t\t\t\t<\/div>\n\t\t\t\t\t<\/div>\n\t\t<\/div>\n\t\t\t\t\t<\/div>\n\t\t<\/section>\n\t\t\t\t<\/div>\n\t\t","protected":false},"excerpt":{"rendered":"<p>Mission and vision MissionThe mission of PIK is to create, produce and deliver high quality fresh meat and processed red meat products that will satisfy the needs of consumers. In doing so, we will have acquired consumer confidence, invested in employees cared for their satisfaction, as well as the satisfaction of the community and owners. [&hellip;]<\/p>\n","protected":false},"author":1,"featured_media":1817,"parent":0,"menu_order":0,"comment_status":"closed","ping_status":"closed","template":"elementor_header_footer","meta":{"_acf_changed":false,"footnotes":""},"categories":[],"tags":[],"class_list":["post-5375","page","type-page","status-publish","has-post-thumbnail","hentry"],"acf":[],"yoast_head":"<!-- This site is optimized with the Yoast SEO plugin v27.0 - https:\/\/yoast.com\/product\/yoast-seo-wordpress\/ -->\n<title>Mission and vision - Pik Vrbovec<\/title>\n<meta name=\"description\" content=\"The mission of PIK is to create, produce and deliver high quality fresh meat and processed red meat products that will satisfy the needs of consumers.\" \/>\n<meta name=\"robots\" content=\"index, follow, max-snippet:-1, max-image-preview:large, max-video-preview:-1\" \/>\n<link rel=\"canonical\" href=\"https:\/\/www.pik-vrbovec.hr\/en\/mission-and-vision\/\" \/>\n<meta property=\"og:locale\" content=\"en_US\" \/>\n<meta property=\"og:type\" content=\"article\" \/>\n<meta property=\"og:title\" content=\"Mission and vision - Pik Vrbovec\" \/>\n<meta property=\"og:description\" content=\"The mission of PIK is to create, produce and deliver high quality fresh meat and processed red meat products that will satisfy the needs of consumers.\" \/>\n<meta property=\"og:url\" content=\"https:\/\/www.pik-vrbovec.hr\/en\/mission-and-vision\/\" \/>\n<meta property=\"og:site_name\" content=\"Pik Vrbovec\" \/>\n<meta property=\"article:modified_time\" content=\"2022-05-17T13:52:37+00:00\" \/>\n<meta property=\"og:image\" content=\"https:\/\/www.pik-vrbovec.hr\/wp-content\/uploads\/2020\/04\/misija-i-vizija.jpg\" \/>\n\t<meta property=\"og:image:width\" content=\"1920\" \/>\n\t<meta property=\"og:image:height\" content=\"1280\" \/>\n\t<meta property=\"og:image:type\" content=\"image\/jpeg\" \/>\n<meta name=\"twitter:card\" content=\"summary_large_image\" \/>\n<meta name=\"twitter:label1\" content=\"Est. reading time\" \/>\n\t<meta name=\"twitter:data1\" content=\"2 minutes\" \/>\n<script type=\"application\/ld+json\" class=\"yoast-schema-graph\">{\"@context\":\"https:\/\/schema.org\",\"@graph\":[{\"@type\":\"WebPage\",\"@id\":\"https:\/\/www.pik-vrbovec.hr\/en\/mission-and-vision\/\",\"url\":\"https:\/\/www.pik-vrbovec.hr\/en\/mission-and-vision\/\",\"name\":\"Mission and vision - Pik Vrbovec\",\"isPartOf\":{\"@id\":\"https:\/\/www.pik-vrbovec.rs\/en\/#website\"},\"primaryImageOfPage\":{\"@id\":\"https:\/\/www.pik-vrbovec.hr\/en\/mission-and-vision\/#primaryimage\"},\"image\":{\"@id\":\"https:\/\/www.pik-vrbovec.hr\/en\/mission-and-vision\/#primaryimage\"},\"thumbnailUrl\":\"https:\/\/www.pik-vrbovec.hr\/wp-content\/uploads\/2020\/04\/misija-i-vizija.jpg\",\"datePublished\":\"2020-03-11T10:15:33+00:00\",\"dateModified\":\"2022-05-17T13:52:37+00:00\",\"description\":\"The mission of PIK is to create, produce and deliver high quality fresh meat and processed red meat products that will satisfy the needs of consumers.\",\"breadcrumb\":{\"@id\":\"https:\/\/www.pik-vrbovec.hr\/en\/mission-and-vision\/#breadcrumb\"},\"inLanguage\":\"en-US\",\"potentialAction\":[{\"@type\":\"ReadAction\",\"target\":[\"https:\/\/www.pik-vrbovec.hr\/en\/mission-and-vision\/\"]}]},{\"@type\":\"ImageObject\",\"inLanguage\":\"en-US\",\"@id\":\"https:\/\/www.pik-vrbovec.hr\/en\/mission-and-vision\/#primaryimage\",\"url\":\"https:\/\/www.pik-vrbovec.hr\/wp-content\/uploads\/2020\/04\/misija-i-vizija.jpg\",\"contentUrl\":\"https:\/\/www.pik-vrbovec.hr\/wp-content\/uploads\/2020\/04\/misija-i-vizija.jpg\",\"width\":1920,\"height\":1280},{\"@type\":\"BreadcrumbList\",\"@id\":\"https:\/\/www.pik-vrbovec.hr\/en\/mission-and-vision\/#breadcrumb\",\"itemListElement\":[{\"@type\":\"ListItem\",\"position\":1,\"name\":\"Home\",\"item\":\"https:\/\/www.pik-vrbovec.rs\/en\/\"},{\"@type\":\"ListItem\",\"position\":2,\"name\":\"Mission and vision\"}]},{\"@type\":\"WebSite\",\"@id\":\"https:\/\/www.pik-vrbovec.rs\/en\/#website\",\"url\":\"https:\/\/www.pik-vrbovec.rs\/en\/\",\"name\":\"Pik Vrbovec\",\"description\":\"\",\"publisher\":{\"@id\":\"https:\/\/www.pik-vrbovec.rs\/en\/#organization\"},\"potentialAction\":[{\"@type\":\"SearchAction\",\"target\":{\"@type\":\"EntryPoint\",\"urlTemplate\":\"https:\/\/www.pik-vrbovec.rs\/en\/?s={search_term_string}\"},\"query-input\":{\"@type\":\"PropertyValueSpecification\",\"valueRequired\":true,\"valueName\":\"search_term_string\"}}],\"inLanguage\":\"en-US\"},{\"@type\":\"Organization\",\"@id\":\"https:\/\/www.pik-vrbovec.rs\/en\/#organization\",\"name\":\"Pik Vrbovec\",\"url\":\"https:\/\/www.pik-vrbovec.rs\/en\/\",\"logo\":{\"@type\":\"ImageObject\",\"inLanguage\":\"en-US\",\"@id\":\"https:\/\/www.pik-vrbovec.rs\/en\/#\/schema\/logo\/image\/\",\"url\":\"https:\/\/www.pik-vrbovec.hr\/wp-content\/uploads\/2022\/02\/pik-logo.svg\",\"contentUrl\":\"https:\/\/www.pik-vrbovec.hr\/wp-content\/uploads\/2022\/02\/pik-logo.svg\",\"width\":84,\"height\":84,\"caption\":\"Pik Vrbovec\"},\"image\":{\"@id\":\"https:\/\/www.pik-vrbovec.rs\/en\/#\/schema\/logo\/image\/\"}}]}<\/script>\n<!-- \/ Yoast SEO plugin. -->","yoast_head_json":{"title":"Mission and vision - Pik Vrbovec","description":"The mission of PIK is to create, produce and deliver high quality fresh meat and processed red meat products that will satisfy the needs of consumers.","robots":{"index":"index","follow":"follow","max-snippet":"max-snippet:-1","max-image-preview":"max-image-preview:large","max-video-preview":"max-video-preview:-1"},"canonical":"https:\/\/www.pik-vrbovec.hr\/en\/mission-and-vision\/","og_locale":"en_US","og_type":"article","og_title":"Mission and vision - Pik Vrbovec","og_description":"The mission of PIK is to create, produce and deliver high quality fresh meat and processed red meat products that will satisfy the needs of consumers.","og_url":"https:\/\/www.pik-vrbovec.hr\/en\/mission-and-vision\/","og_site_name":"Pik Vrbovec","article_modified_time":"2022-05-17T13:52:37+00:00","og_image":[{"width":1920,"height":1280,"url":"https:\/\/www.pik-vrbovec.hr\/wp-content\/uploads\/2020\/04\/misija-i-vizija.jpg","type":"image\/jpeg"}],"twitter_card":"summary_large_image","twitter_misc":{"Est. reading time":"2 minutes"},"schema":{"@context":"https:\/\/schema.org","@graph":[{"@type":"WebPage","@id":"https:\/\/www.pik-vrbovec.hr\/en\/mission-and-vision\/","url":"https:\/\/www.pik-vrbovec.hr\/en\/mission-and-vision\/","name":"Mission and vision - Pik Vrbovec","isPartOf":{"@id":"https:\/\/www.pik-vrbovec.rs\/en\/#website"},"primaryImageOfPage":{"@id":"https:\/\/www.pik-vrbovec.hr\/en\/mission-and-vision\/#primaryimage"},"image":{"@id":"https:\/\/www.pik-vrbovec.hr\/en\/mission-and-vision\/#primaryimage"},"thumbnailUrl":"https:\/\/www.pik-vrbovec.hr\/wp-content\/uploads\/2020\/04\/misija-i-vizija.jpg","datePublished":"2020-03-11T10:15:33+00:00","dateModified":"2022-05-17T13:52:37+00:00","description":"The mission of PIK is to create, produce and deliver high quality fresh meat and processed red meat products that will satisfy the needs of consumers.","breadcrumb":{"@id":"https:\/\/www.pik-vrbovec.hr\/en\/mission-and-vision\/#breadcrumb"},"inLanguage":"en-US","potentialAction":[{"@type":"ReadAction","target":["https:\/\/www.pik-vrbovec.hr\/en\/mission-and-vision\/"]}]},{"@type":"ImageObject","inLanguage":"en-US","@id":"https:\/\/www.pik-vrbovec.hr\/en\/mission-and-vision\/#primaryimage","url":"https:\/\/www.pik-vrbovec.hr\/wp-content\/uploads\/2020\/04\/misija-i-vizija.jpg","contentUrl":"https:\/\/www.pik-vrbovec.hr\/wp-content\/uploads\/2020\/04\/misija-i-vizija.jpg","width":1920,"height":1280},{"@type":"BreadcrumbList","@id":"https:\/\/www.pik-vrbovec.hr\/en\/mission-and-vision\/#breadcrumb","itemListElement":[{"@type":"ListItem","position":1,"name":"Home","item":"https:\/\/www.pik-vrbovec.rs\/en\/"},{"@type":"ListItem","position":2,"name":"Mission and vision"}]},{"@type":"WebSite","@id":"https:\/\/www.pik-vrbovec.rs\/en\/#website","url":"https:\/\/www.pik-vrbovec.rs\/en\/","name":"Pik Vrbovec","description":"","publisher":{"@id":"https:\/\/www.pik-vrbovec.rs\/en\/#organization"},"potentialAction":[{"@type":"SearchAction","target":{"@type":"EntryPoint","urlTemplate":"https:\/\/www.pik-vrbovec.rs\/en\/?s={search_term_string}"},"query-input":{"@type":"PropertyValueSpecification","valueRequired":true,"valueName":"search_term_string"}}],"inLanguage":"en-US"},{"@type":"Organization","@id":"https:\/\/www.pik-vrbovec.rs\/en\/#organization","name":"Pik Vrbovec","url":"https:\/\/www.pik-vrbovec.rs\/en\/","logo":{"@type":"ImageObject","inLanguage":"en-US","@id":"https:\/\/www.pik-vrbovec.rs\/en\/#\/schema\/logo\/image\/","url":"https:\/\/www.pik-vrbovec.hr\/wp-content\/uploads\/2022\/02\/pik-logo.svg","contentUrl":"https:\/\/www.pik-vrbovec.hr\/wp-content\/uploads\/2022\/02\/pik-logo.svg","width":84,"height":84,"caption":"Pik Vrbovec"},"image":{"@id":"https:\/\/www.pik-vrbovec.rs\/en\/#\/schema\/logo\/image\/"}}]}},"_links":{"self":[{"href":"https:\/\/www.pik-vrbovec.hr\/en\/wp-json\/wp\/v2\/pages\/5375","targetHints":{"allow":["GET"]}}],"collection":[{"href":"https:\/\/www.pik-vrbovec.hr\/en\/wp-json\/wp\/v2\/pages"}],"about":[{"href":"https:\/\/www.pik-vrbovec.hr\/en\/wp-json\/wp\/v2\/types\/page"}],"author":[{"embeddable":true,"href":"https:\/\/www.pik-vrbovec.hr\/en\/wp-json\/wp\/v2\/users\/1"}],"replies":[{"embeddable":true,"href":"https:\/\/www.pik-vrbovec.hr\/en\/wp-json\/wp\/v2\/comments?post=5375"}],"version-history":[{"count":10,"href":"https:\/\/www.pik-vrbovec.hr\/en\/wp-json\/wp\/v2\/pages\/5375\/revisions"}],"predecessor-version":[{"id":8551,"href":"https:\/\/www.pik-vrbovec.hr\/en\/wp-json\/wp\/v2\/pages\/5375\/revisions\/8551"}],"wp:featuredmedia":[{"embeddable":true,"href":"https:\/\/www.pik-vrbovec.hr\/en\/wp-json\/wp\/v2\/media\/1817"}],"wp:attachment":[{"href":"https:\/\/www.pik-vrbovec.hr\/en\/wp-json\/wp\/v2\/media?parent=5375"}],"wp:term":[{"taxonomy":"category","embeddable":true,"href":"https:\/\/www.pik-vrbovec.hr\/en\/wp-json\/wp\/v2\/categories?post=5375"},{"taxonomy":"post_tag","embeddable":true,"href":"https:\/\/www.pik-vrbovec.hr\/en\/wp-json\/wp\/v2\/tags?post=5375"}],"curies":[{"name":"wp","href":"https:\/\/api.w.org\/{rel}","templated":true}]}}