{"id":5371,"date":"2020-03-11T12:17:50","date_gmt":"2020-03-11T12:17:50","guid":{"rendered":"http:\/\/pik-vrbovec.hr\/integrated-management-system\/"},"modified":"2024-05-06T06:58:02","modified_gmt":"2024-05-06T06:58:02","slug":"integrated-system","status":"publish","type":"page","link":"https:\/\/www.pik-vrbovec.hr\/en\/integrated-system\/","title":{"rendered":"Integrated System"},"content":{"rendered":"\t\t<div data-elementor-type=\"wp-page\" data-elementor-id=\"5371\" class=\"elementor elementor-5371\" data-elementor-post-type=\"page\">\n\t\t\t\t\t\t<section class=\"elementor-section elementor-top-section elementor-element elementor-element-97518d9 elementor-section-full_width single-header elementor-section-height-default elementor-section-height-default\" data-id=\"97518d9\" data-element_type=\"section\" data-settings=\"{&quot;background_background&quot;:&quot;classic&quot;}\">\n\t\t\t\t\t\t<div class=\"elementor-container elementor-column-gap-default\">\n\t\t\t\t\t<div class=\"elementor-column elementor-col-100 elementor-top-column elementor-element elementor-element-e09ae7d\" data-id=\"e09ae7d\" data-element_type=\"column\">\n\t\t\t<div class=\"elementor-widget-wrap elementor-element-populated\">\n\t\t\t\t\t\t<div class=\"elementor-element elementor-element-a50b6c1 elementor-widget elementor-widget-image\" data-id=\"a50b6c1\" data-element_type=\"widget\" data-widget_type=\"image.default\">\n\t\t\t\t<div class=\"elementor-widget-container\">\n\t\t\t\t\t\t\t\t\t\t\t\t\t\t\t<img fetchpriority=\"high\" decoding=\"async\" width=\"1920\" height=\"227\" src=\"https:\/\/www.pik-vrbovec.hr\/wp-content\/uploads\/2020\/03\/header-shape-divider.png\" class=\"attachment-full size-full wp-image-262\" alt=\"header shape divider\" srcset=\"https:\/\/www.pik-vrbovec.hr\/wp-content\/uploads\/2020\/03\/header-shape-divider.png 1920w, https:\/\/www.pik-vrbovec.hr\/wp-content\/uploads\/2020\/03\/header-shape-divider-300x35.png 300w, https:\/\/www.pik-vrbovec.hr\/wp-content\/uploads\/2020\/03\/header-shape-divider-1024x121.png 1024w, https:\/\/www.pik-vrbovec.hr\/wp-content\/uploads\/2020\/03\/header-shape-divider-768x91.png 768w, https:\/\/www.pik-vrbovec.hr\/wp-content\/uploads\/2020\/03\/header-shape-divider-1536x182.png 1536w, https:\/\/www.pik-vrbovec.hr\/wp-content\/uploads\/2020\/03\/header-shape-divider-1200x142.png 1200w\" sizes=\"(max-width: 1920px) 100vw, 1920px\" \/>\t\t\t\t\t\t\t\t\t\t\t\t\t\t\t<\/div>\n\t\t\t\t<\/div>\n\t\t\t\t\t<\/div>\n\t\t<\/div>\n\t\t\t\t\t<\/div>\n\t\t<\/section>\n\t\t\t\t<section class=\"elementor-section elementor-top-section elementor-element elementor-element-c88ea6f elementor-section-full_width elementor-section-height-default elementor-section-height-default\" data-id=\"c88ea6f\" data-element_type=\"section\">\n\t\t\t\t\t\t<div class=\"elementor-container elementor-column-gap-default\">\n\t\t\t\t\t<div class=\"elementor-column elementor-col-50 elementor-top-column elementor-element elementor-element-8ceb7e3\" data-id=\"8ceb7e3\" data-element_type=\"column\">\n\t\t\t<div class=\"elementor-widget-wrap elementor-element-populated\">\n\t\t\t\t\t\t<div class=\"elementor-element elementor-element-a55a665 onama-breadcrumb elementor-widget elementor-widget-shortcode\" data-id=\"a55a665\" data-element_type=\"widget\" data-widget_type=\"shortcode.default\">\n\t\t\t\t<div class=\"elementor-widget-container\">\n\t\t\t\t\t\t\t<div class=\"elementor-shortcode\"><p class=\"breadcrumbs\"><a href=\"https:\/\/www.pik-vrbovec.hr\/en\/\">Home<\/a> > Integrated System<\/p><\/div>\n\t\t\t\t\t\t<\/div>\n\t\t\t\t<\/div>\n\t\t\t\t<div class=\"elementor-element elementor-element-06cee8b elementor-hidden-desktop elementor-hidden-tablet elementor-widget elementor-widget-shortcode\" data-id=\"06cee8b\" data-element_type=\"widget\" data-widget_type=\"shortcode.default\">\n\t\t\t\t<div class=\"elementor-widget-container\">\n\t\t\t\t\t\t\t<div class=\"elementor-shortcode\"><select id=\"izbornik\" onchange=\"location = this.value;\"><option value=\"https:\/\/www.pik-vrbovec.hr\/osnovni-podaci\/\">Osnovni podaci<\/option><option value=\"https:\/\/www.pik-vrbovec.hr\/o-nama\/\">O nama<\/option><option value=\"https:\/\/www.pik-vrbovec.hr\/misija-i-vizija\/\">Misija i vizija<\/option><option value=\"https:\/\/www.pik-vrbovec.hr\/financije-i-investicije\/\">Financije i investicije<\/option><option value=\"https:\/\/www.pik-vrbovec.hr\/integrirani-sustav-upravljanja\/\">Integrirani sustav upravljanja<\/option><option value=\"https:\/\/www.pik-vrbovec.hr\/kvaliteta-i-sigurnost-hrane\/\">Kvaliteta i sigurnost hrane<\/option><option value=\"https:\/\/www.pik-vrbovec.hr\/zastita-okolisa-energetska-ucinkovitost-zdravlje-i-sigurnost\/\">Za\u0161tita okoli\u0161a, energetska u\u010dinkovitost, zdravlje i sigurnost<\/option><option value=\"https:\/\/www.pik-vrbovec.hr\/distributivna-mapa\/\">Distributivna mapa<\/option><option value=\"https:\/\/www.pik-vrbovec.hr\/eu-projekti\/\">EU projekti<\/option><\/select><\/div>\n\t\t\t\t\t\t<\/div>\n\t\t\t\t<\/div>\n\t\t\t\t<div class=\"elementor-element elementor-element-cefdf03 elementor-hidden-phone o-nama-menu elementor-widget elementor-widget-wp-widget-nav_menu\" data-id=\"cefdf03\" data-element_type=\"widget\" data-widget_type=\"wp-widget-nav_menu.default\">\n\t\t\t\t<div class=\"elementor-widget-container\">\n\t\t\t\t\t<nav class=\"menu-about-us-menu-container\" aria-label=\"Menu\"><ul id=\"menu-about-us-menu\" class=\"menu\"><li id=\"menu-item-5386\" class=\"menu-item menu-item-type-post_type menu-item-object-page menu-item-5386\"><a href=\"https:\/\/www.pik-vrbovec.hr\/en\/essential-facts\/\">Essential facts<\/a><\/li>\n<li id=\"menu-item-5387\" class=\"menu-item menu-item-type-post_type menu-item-object-page menu-item-5387\"><a href=\"https:\/\/www.pik-vrbovec.hr\/en\/mission-and-vision\/\">Mission and vision<\/a><\/li>\n<li id=\"menu-item-5390\" class=\"menu-item menu-item-type-post_type menu-item-object-page menu-item-5390\"><a href=\"https:\/\/www.pik-vrbovec.hr\/en\/finance-and-investment\/\">Finance and Investment<\/a><\/li>\n<li id=\"menu-item-5389\" class=\"menu-item menu-item-type-post_type menu-item-object-page menu-item-5389\"><a href=\"https:\/\/www.pik-vrbovec.hr\/en\/integrated-system\/\">Integrated System<\/a><\/li>\n<li id=\"menu-item-5388\" class=\"menu-item menu-item-type-post_type menu-item-object-page menu-item-5388\"><a href=\"https:\/\/www.pik-vrbovec.hr\/en\/food-quality-and-safety\/\">Food quality and safety<\/a><\/li>\n<li id=\"menu-item-5385\" class=\"menu-item menu-item-type-post_type menu-item-object-page menu-item-5385\"><a href=\"https:\/\/www.pik-vrbovec.hr\/en\/environmental-protection-health-and-safety\/\">Environmental protection, health and safety<\/a><\/li>\n<li id=\"menu-item-5392\" class=\"menu-item menu-item-type-post_type menu-item-object-page menu-item-5392\"><a href=\"https:\/\/www.pik-vrbovec.hr\/en\/distribution-map\/\">Distribution map<\/a><\/li>\n<li id=\"menu-item-5391\" class=\"menu-item menu-item-type-post_type menu-item-object-page menu-item-5391\"><a href=\"https:\/\/www.pik-vrbovec.hr\/en\/eu-projects\/\">EU projects<\/a><\/li>\n<\/ul><\/nav>\t\t\t\t<\/div>\n\t\t\t\t<\/div>\n\t\t\t\t\t<\/div>\n\t\t<\/div>\n\t\t\t\t<div class=\"elementor-column elementor-col-50 elementor-top-column elementor-element elementor-element-87b491b glavni-red animated-slow elementor-invisible\" data-id=\"87b491b\" data-element_type=\"column\" data-settings=\"{&quot;background_background&quot;:&quot;classic&quot;,&quot;animation&quot;:&quot;fadeIn&quot;}\">\n\t\t\t<div class=\"elementor-widget-wrap elementor-element-populated\">\n\t\t\t\t\t\t<div class=\"elementor-element elementor-element-6e241a6 elementor-widget elementor-widget-heading\" data-id=\"6e241a6\" data-element_type=\"widget\" data-widget_type=\"heading.default\">\n\t\t\t\t<div class=\"elementor-widget-container\">\n\t\t\t\t\t<h2 class=\"elementor-heading-title elementor-size-default\">Integrated system<\/h2>\t\t\t\t<\/div>\n\t\t\t\t<\/div>\n\t\t\t\t<div class=\"elementor-element elementor-element-edd9b03 elementor-widget elementor-widget-spacer\" data-id=\"edd9b03\" data-element_type=\"widget\" data-widget_type=\"spacer.default\">\n\t\t\t\t<div class=\"elementor-widget-container\">\n\t\t\t\t\t\t\t<div class=\"elementor-spacer\">\n\t\t\t<div class=\"elementor-spacer-inner\"><\/div>\n\t\t<\/div>\n\t\t\t\t\t\t<\/div>\n\t\t\t\t<\/div>\n\t\t\t\t<div class=\"elementor-element elementor-element-c608a31 elementor-widget elementor-widget-image\" data-id=\"c608a31\" data-element_type=\"widget\" data-widget_type=\"image.default\">\n\t\t\t\t<div class=\"elementor-widget-container\">\n\t\t\t\t\t\t\t\t\t\t\t\t\t\t\t<img decoding=\"async\" width=\"1920\" height=\"1280\" src=\"https:\/\/www.pik-vrbovec.hr\/wp-content\/uploads\/2020\/04\/integrirani-sustav-upravljanja.jpg\" class=\"attachment-full size-full wp-image-1806\" alt=\"\" srcset=\"https:\/\/www.pik-vrbovec.hr\/wp-content\/uploads\/2020\/04\/integrirani-sustav-upravljanja.jpg 1920w, https:\/\/www.pik-vrbovec.hr\/wp-content\/uploads\/2020\/04\/integrirani-sustav-upravljanja-300x200.jpg 300w, https:\/\/www.pik-vrbovec.hr\/wp-content\/uploads\/2020\/04\/integrirani-sustav-upravljanja-1024x683.jpg 1024w, https:\/\/www.pik-vrbovec.hr\/wp-content\/uploads\/2020\/04\/integrirani-sustav-upravljanja-768x512.jpg 768w, https:\/\/www.pik-vrbovec.hr\/wp-content\/uploads\/2020\/04\/integrirani-sustav-upravljanja-1536x1024.jpg 1536w, https:\/\/www.pik-vrbovec.hr\/wp-content\/uploads\/2020\/04\/integrirani-sustav-upravljanja-1200x800.jpg 1200w, https:\/\/www.pik-vrbovec.hr\/wp-content\/uploads\/2020\/04\/integrirani-sustav-upravljanja-24x16.jpg 24w, https:\/\/www.pik-vrbovec.hr\/wp-content\/uploads\/2020\/04\/integrirani-sustav-upravljanja-36x24.jpg 36w, https:\/\/www.pik-vrbovec.hr\/wp-content\/uploads\/2020\/04\/integrirani-sustav-upravljanja-48x32.jpg 48w\" sizes=\"(max-width: 1920px) 100vw, 1920px\" \/>\t\t\t\t\t\t\t\t\t\t\t\t\t\t\t<\/div>\n\t\t\t\t<\/div>\n\t\t\t\t<div class=\"elementor-element elementor-element-cf5d977 elementor-widget elementor-widget-text-editor\" data-id=\"cf5d977\" data-element_type=\"widget\" data-widget_type=\"text-editor.default\">\n\t\t\t\t<div class=\"elementor-widget-container\">\n\t\t\t\t\t\t\t\t\tThe safety and quality of our products and services are guaranteed by the implementation of an integrated quality management system, environment, energy efficiency, health and safety standards in accordance with international standards ISO 9001, ISO 14001, ISO 45001, ISO 50001, Codex Alimentariusa, IFS Food (a standard for monitoring  food quality and the safety of food products) and IFS Logistics (a standard for monitoring companies providing logistic services).\t\t\t\t\t\t\t\t<\/div>\n\t\t\t\t<\/div>\n\t\t\t\t<div class=\"elementor-element elementor-element-3b3452f elementor-widget elementor-widget-spacer\" data-id=\"3b3452f\" data-element_type=\"widget\" data-widget_type=\"spacer.default\">\n\t\t\t\t<div class=\"elementor-widget-container\">\n\t\t\t\t\t\t\t<div class=\"elementor-spacer\">\n\t\t\t<div class=\"elementor-spacer-inner\"><\/div>\n\t\t<\/div>\n\t\t\t\t\t\t<\/div>\n\t\t\t\t<\/div>\n\t\t\t\t<div class=\"elementor-element elementor-element-14ff5f5 elementor-icon-list--layout-traditional elementor-list-item-link-full_width elementor-widget elementor-widget-icon-list\" data-id=\"14ff5f5\" data-element_type=\"widget\" data-widget_type=\"icon-list.default\">\n\t\t\t\t<div class=\"elementor-widget-container\">\n\t\t\t\t\t\t\t<ul class=\"elementor-icon-list-items\">\n\t\t\t\t\t\t\t<li class=\"elementor-icon-list-item\">\n\t\t\t\t\t\t\t\t\t\t\t<span class=\"elementor-icon-list-icon\">\n\t\t\t\t\t\t\t<i aria-hidden=\"true\" class=\"fas fa-download\"><\/i>\t\t\t\t\t\t<\/span>\n\t\t\t\t\t\t\t\t\t\t<span class=\"elementor-icon-list-text\">Documents<\/span>\n\t\t\t\t\t\t\t\t\t<\/li>\n\t\t\t\t\t\t<\/ul>\n\t\t\t\t\t\t<\/div>\n\t\t\t\t<\/div>\n\t\t\t\t<div class=\"elementor-element elementor-element-28e5071 elementor-icon-list--layout-traditional elementor-list-item-link-full_width elementor-widget elementor-widget-icon-list\" data-id=\"28e5071\" data-element_type=\"widget\" data-widget_type=\"icon-list.default\">\n\t\t\t\t<div class=\"elementor-widget-container\">\n\t\t\t\t\t\t\t<ul class=\"elementor-icon-list-items\">\n\t\t\t\t\t\t\t<li class=\"elementor-icon-list-item\">\n\t\t\t\t\t\t\t\t\t\t\t<a href=\"\/\/pik-vrbovec.hr\/wp-content\/uploads\/2023\/09\/pik_certifikat_iso_9001_en.pdf\" target=\"_blank\">\n\n\t\t\t\t\t\t\t\t\t\t\t\t<span class=\"elementor-icon-list-icon\">\n\t\t\t\t\t\t\t<i aria-hidden=\"true\" class=\"fas fa-file-alt\"><\/i>\t\t\t\t\t\t<\/span>\n\t\t\t\t\t\t\t\t\t\t<span class=\"elementor-icon-list-text\">ISO 9001<\/span>\n\t\t\t\t\t\t\t\t\t\t\t<\/a>\n\t\t\t\t\t\t\t\t\t<\/li>\n\t\t\t\t\t\t\t\t<li class=\"elementor-icon-list-item\">\n\t\t\t\t\t\t\t\t\t\t\t<a href=\"\/\/pik-vrbovec.hr\/wp-content\/uploads\/2023\/09\/pik_certifikat_iso_14001_en.pdf\" target=\"_blank\">\n\n\t\t\t\t\t\t\t\t\t\t\t\t<span class=\"elementor-icon-list-icon\">\n\t\t\t\t\t\t\t<i aria-hidden=\"true\" class=\"fas fa-file-alt\"><\/i>\t\t\t\t\t\t<\/span>\n\t\t\t\t\t\t\t\t\t\t<span class=\"elementor-icon-list-text\">ISO 14001<\/span>\n\t\t\t\t\t\t\t\t\t\t\t<\/a>\n\t\t\t\t\t\t\t\t\t<\/li>\n\t\t\t\t\t\t\t\t<li class=\"elementor-icon-list-item\">\n\t\t\t\t\t\t\t\t\t\t\t<a href=\"\/\/www.pik-vrbovec.hr\/wp-content\/uploads\/2024\/05\/certifikat_iso_45001_en.pdf\" target=\"_blank\">\n\n\t\t\t\t\t\t\t\t\t\t\t\t<span class=\"elementor-icon-list-icon\">\n\t\t\t\t\t\t\t<i aria-hidden=\"true\" class=\"fas fa-file-alt\"><\/i>\t\t\t\t\t\t<\/span>\n\t\t\t\t\t\t\t\t\t\t<span class=\"elementor-icon-list-text\">ISO 45001<\/span>\n\t\t\t\t\t\t\t\t\t\t\t<\/a>\n\t\t\t\t\t\t\t\t\t<\/li>\n\t\t\t\t\t\t\t\t<li class=\"elementor-icon-list-item\">\n\t\t\t\t\t\t\t\t\t\t\t<a href=\"\/\/pik-vrbovec.hr\/wp-content\/uploads\/2023\/09\/pik_certifikat_iso_50001.pdf\" target=\"_blank\">\n\n\t\t\t\t\t\t\t\t\t\t\t\t<span class=\"elementor-icon-list-icon\">\n\t\t\t\t\t\t\t<i aria-hidden=\"true\" class=\"fas fa-file-alt\"><\/i>\t\t\t\t\t\t<\/span>\n\t\t\t\t\t\t\t\t\t\t<span class=\"elementor-icon-list-text\">ISO 50001<\/span>\n\t\t\t\t\t\t\t\t\t\t\t<\/a>\n\t\t\t\t\t\t\t\t\t<\/li>\n\t\t\t\t\t\t\t\t<li class=\"elementor-icon-list-item\">\n\t\t\t\t\t\t\t\t\t\t\t<a href=\"\/\/pik-vrbovec.hr\/wp-content\/uploads\/2023\/09\/pik_certifikat_halal.pdf\" target=\"_blank\">\n\n\t\t\t\t\t\t\t\t\t\t\t\t<span class=\"elementor-icon-list-icon\">\n\t\t\t\t\t\t\t<i aria-hidden=\"true\" class=\"fas fa-file-alt\"><\/i>\t\t\t\t\t\t<\/span>\n\t\t\t\t\t\t\t\t\t\t<span class=\"elementor-icon-list-text\">HALAL<\/span>\n\t\t\t\t\t\t\t\t\t\t\t<\/a>\n\t\t\t\t\t\t\t\t\t<\/li>\n\t\t\t\t\t\t\t\t<li class=\"elementor-icon-list-item\">\n\t\t\t\t\t\t\t\t\t\t\t<a href=\"https:\/\/pik-vrbovec.hr\/pik_ifs_food.pdf\" target=\"_blank\">\n\n\t\t\t\t\t\t\t\t\t\t\t\t<span class=\"elementor-icon-list-icon\">\n\t\t\t\t\t\t\t<i aria-hidden=\"true\" class=\"fas fa-file-alt\"><\/i>\t\t\t\t\t\t<\/span>\n\t\t\t\t\t\t\t\t\t\t<span class=\"elementor-icon-list-text\">IFS Food<\/span>\n\t\t\t\t\t\t\t\t\t\t\t<\/a>\n\t\t\t\t\t\t\t\t\t<\/li>\n\t\t\t\t\t\t\t\t<li class=\"elementor-icon-list-item\">\n\t\t\t\t\t\t\t\t\t\t\t<a href=\"https:\/\/pik-vrbovec.hr\/pik_ifs_logistics.pdf\" target=\"_blank\">\n\n\t\t\t\t\t\t\t\t\t\t\t\t<span class=\"elementor-icon-list-icon\">\n\t\t\t\t\t\t\t<i aria-hidden=\"true\" class=\"fas fa-file-alt\"><\/i>\t\t\t\t\t\t<\/span>\n\t\t\t\t\t\t\t\t\t\t<span class=\"elementor-icon-list-text\">IFS Logistics<\/span>\n\t\t\t\t\t\t\t\t\t\t\t<\/a>\n\t\t\t\t\t\t\t\t\t<\/li>\n\t\t\t\t\t\t<\/ul>\n\t\t\t\t\t\t<\/div>\n\t\t\t\t<\/div>\n\t\t\t\t\t<\/div>\n\t\t<\/div>\n\t\t\t\t\t<\/div>\n\t\t<\/section>\n\t\t\t\t<\/div>\n\t\t","protected":false},"excerpt":{"rendered":"<p>Integrated system The safety and quality of our products and services are guaranteed by the implementation of an integrated quality management system, environment, energy efficiency, health and safety standards in accordance with international standards ISO 9001, ISO 14001, ISO 45001, ISO 50001, Codex Alimentariusa, IFS Food (a standard for monitoring food quality and the safety [&hellip;]<\/p>\n","protected":false},"author":1,"featured_media":1807,"parent":0,"menu_order":0,"comment_status":"closed","ping_status":"closed","template":"elementor_header_footer","meta":{"_acf_changed":false,"footnotes":""},"categories":[],"tags":[],"class_list":["post-5371","page","type-page","status-publish","has-post-thumbnail","hentry"],"acf":[],"yoast_head":"<!-- This site is optimized with the Yoast SEO plugin v27.0 - https:\/\/yoast.com\/product\/yoast-seo-wordpress\/ -->\n<title>Integrated System - Pik Vrbovec<\/title>\n<meta name=\"description\" content=\"The safety and quality of our products and services are guaranteed by the implementation of an integrated quality management system, environment, energy efficiency, health and safety standards.\" \/>\n<meta name=\"robots\" content=\"index, follow, max-snippet:-1, max-image-preview:large, max-video-preview:-1\" \/>\n<link rel=\"canonical\" href=\"https:\/\/www.pik-vrbovec.hr\/en\/integrated-system\/\" \/>\n<meta property=\"og:locale\" content=\"en_US\" \/>\n<meta property=\"og:type\" content=\"article\" \/>\n<meta property=\"og:title\" content=\"Integrated System - Pik Vrbovec\" \/>\n<meta property=\"og:description\" content=\"The safety and quality of our products and services are guaranteed by the implementation of an integrated quality management system, environment, energy efficiency, health and safety standards.\" \/>\n<meta property=\"og:url\" content=\"https:\/\/www.pik-vrbovec.hr\/en\/integrated-system\/\" \/>\n<meta property=\"og:site_name\" content=\"Pik Vrbovec\" \/>\n<meta property=\"article:modified_time\" content=\"2024-05-06T06:58:02+00:00\" \/>\n<meta property=\"og:image\" content=\"https:\/\/www.pik-vrbovec.hr\/wp-content\/uploads\/2020\/04\/integrirani-sustav-upravljanja.jpg\" \/>\n\t<meta property=\"og:image:width\" content=\"1920\" \/>\n\t<meta property=\"og:image:height\" content=\"1280\" \/>\n\t<meta property=\"og:image:type\" content=\"image\/jpeg\" \/>\n<meta name=\"twitter:card\" content=\"summary_large_image\" \/>\n<meta name=\"twitter:label1\" content=\"Est. reading time\" \/>\n\t<meta name=\"twitter:data1\" content=\"2 minutes\" \/>\n<script type=\"application\/ld+json\" class=\"yoast-schema-graph\">{\"@context\":\"https:\/\/schema.org\",\"@graph\":[{\"@type\":\"WebPage\",\"@id\":\"https:\/\/www.pik-vrbovec.hr\/en\/integrated-system\/\",\"url\":\"https:\/\/www.pik-vrbovec.hr\/en\/integrated-system\/\",\"name\":\"Integrated System - Pik Vrbovec\",\"isPartOf\":{\"@id\":\"https:\/\/www.pik-vrbovec.hr\/#website\"},\"primaryImageOfPage\":{\"@id\":\"https:\/\/www.pik-vrbovec.hr\/en\/integrated-system\/#primaryimage\"},\"image\":{\"@id\":\"https:\/\/www.pik-vrbovec.hr\/en\/integrated-system\/#primaryimage\"},\"thumbnailUrl\":\"https:\/\/www.pik-vrbovec.hr\/wp-content\/uploads\/2020\/04\/integrirani-sustav-upravljanja.jpg\",\"datePublished\":\"2020-03-11T12:17:50+00:00\",\"dateModified\":\"2024-05-06T06:58:02+00:00\",\"description\":\"The safety and quality of our products and services are guaranteed by the implementation of an integrated quality management system, environment, energy efficiency, health and safety standards.\",\"breadcrumb\":{\"@id\":\"https:\/\/www.pik-vrbovec.hr\/en\/integrated-system\/#breadcrumb\"},\"inLanguage\":\"en-US\",\"potentialAction\":[{\"@type\":\"ReadAction\",\"target\":[\"https:\/\/www.pik-vrbovec.hr\/en\/integrated-system\/\"]}]},{\"@type\":\"ImageObject\",\"inLanguage\":\"en-US\",\"@id\":\"https:\/\/www.pik-vrbovec.hr\/en\/integrated-system\/#primaryimage\",\"url\":\"https:\/\/www.pik-vrbovec.hr\/wp-content\/uploads\/2020\/04\/integrirani-sustav-upravljanja.jpg\",\"contentUrl\":\"https:\/\/www.pik-vrbovec.hr\/wp-content\/uploads\/2020\/04\/integrirani-sustav-upravljanja.jpg\",\"width\":1920,\"height\":1280},{\"@type\":\"BreadcrumbList\",\"@id\":\"https:\/\/www.pik-vrbovec.hr\/en\/integrated-system\/#breadcrumb\",\"itemListElement\":[{\"@type\":\"ListItem\",\"position\":1,\"name\":\"Home\",\"item\":\"https:\/\/www.pik-vrbovec.hr\/en\/\"},{\"@type\":\"ListItem\",\"position\":2,\"name\":\"Integrated System\"}]},{\"@type\":\"WebSite\",\"@id\":\"https:\/\/www.pik-vrbovec.hr\/#website\",\"url\":\"https:\/\/www.pik-vrbovec.hr\/\",\"name\":\"Pik Vrbovec\",\"description\":\"\",\"publisher\":{\"@id\":\"https:\/\/www.pik-vrbovec.hr\/#organization\"},\"potentialAction\":[{\"@type\":\"SearchAction\",\"target\":{\"@type\":\"EntryPoint\",\"urlTemplate\":\"https:\/\/www.pik-vrbovec.hr\/?s={search_term_string}\"},\"query-input\":{\"@type\":\"PropertyValueSpecification\",\"valueRequired\":true,\"valueName\":\"search_term_string\"}}],\"inLanguage\":\"en-US\"},{\"@type\":\"Organization\",\"@id\":\"https:\/\/www.pik-vrbovec.hr\/#organization\",\"name\":\"Pik Vrbovec\",\"url\":\"https:\/\/www.pik-vrbovec.hr\/\",\"logo\":{\"@type\":\"ImageObject\",\"inLanguage\":\"en-US\",\"@id\":\"https:\/\/www.pik-vrbovec.hr\/#\/schema\/logo\/image\/\",\"url\":\"https:\/\/www.pik-vrbovec.hr\/wp-content\/uploads\/2022\/02\/pik-logo.svg\",\"contentUrl\":\"https:\/\/www.pik-vrbovec.hr\/wp-content\/uploads\/2022\/02\/pik-logo.svg\",\"width\":84,\"height\":84,\"caption\":\"Pik Vrbovec\"},\"image\":{\"@id\":\"https:\/\/www.pik-vrbovec.hr\/#\/schema\/logo\/image\/\"}}]}<\/script>\n<!-- \/ Yoast SEO plugin. -->","yoast_head_json":{"title":"Integrated System - Pik Vrbovec","description":"The safety and quality of our products and services are guaranteed by the implementation of an integrated quality management system, environment, energy efficiency, health and safety standards.","robots":{"index":"index","follow":"follow","max-snippet":"max-snippet:-1","max-image-preview":"max-image-preview:large","max-video-preview":"max-video-preview:-1"},"canonical":"https:\/\/www.pik-vrbovec.hr\/en\/integrated-system\/","og_locale":"en_US","og_type":"article","og_title":"Integrated System - Pik Vrbovec","og_description":"The safety and quality of our products and services are guaranteed by the implementation of an integrated quality management system, environment, energy efficiency, health and safety standards.","og_url":"https:\/\/www.pik-vrbovec.hr\/en\/integrated-system\/","og_site_name":"Pik Vrbovec","article_modified_time":"2024-05-06T06:58:02+00:00","og_image":[{"width":1920,"height":1280,"url":"https:\/\/www.pik-vrbovec.hr\/wp-content\/uploads\/2020\/04\/integrirani-sustav-upravljanja.jpg","type":"image\/jpeg"}],"twitter_card":"summary_large_image","twitter_misc":{"Est. reading time":"2 minutes"},"schema":{"@context":"https:\/\/schema.org","@graph":[{"@type":"WebPage","@id":"https:\/\/www.pik-vrbovec.hr\/en\/integrated-system\/","url":"https:\/\/www.pik-vrbovec.hr\/en\/integrated-system\/","name":"Integrated System - Pik Vrbovec","isPartOf":{"@id":"https:\/\/www.pik-vrbovec.hr\/#website"},"primaryImageOfPage":{"@id":"https:\/\/www.pik-vrbovec.hr\/en\/integrated-system\/#primaryimage"},"image":{"@id":"https:\/\/www.pik-vrbovec.hr\/en\/integrated-system\/#primaryimage"},"thumbnailUrl":"https:\/\/www.pik-vrbovec.hr\/wp-content\/uploads\/2020\/04\/integrirani-sustav-upravljanja.jpg","datePublished":"2020-03-11T12:17:50+00:00","dateModified":"2024-05-06T06:58:02+00:00","description":"The safety and quality of our products and services are guaranteed by the implementation of an integrated quality management system, environment, energy efficiency, health and safety standards.","breadcrumb":{"@id":"https:\/\/www.pik-vrbovec.hr\/en\/integrated-system\/#breadcrumb"},"inLanguage":"en-US","potentialAction":[{"@type":"ReadAction","target":["https:\/\/www.pik-vrbovec.hr\/en\/integrated-system\/"]}]},{"@type":"ImageObject","inLanguage":"en-US","@id":"https:\/\/www.pik-vrbovec.hr\/en\/integrated-system\/#primaryimage","url":"https:\/\/www.pik-vrbovec.hr\/wp-content\/uploads\/2020\/04\/integrirani-sustav-upravljanja.jpg","contentUrl":"https:\/\/www.pik-vrbovec.hr\/wp-content\/uploads\/2020\/04\/integrirani-sustav-upravljanja.jpg","width":1920,"height":1280},{"@type":"BreadcrumbList","@id":"https:\/\/www.pik-vrbovec.hr\/en\/integrated-system\/#breadcrumb","itemListElement":[{"@type":"ListItem","position":1,"name":"Home","item":"https:\/\/www.pik-vrbovec.hr\/en\/"},{"@type":"ListItem","position":2,"name":"Integrated System"}]},{"@type":"WebSite","@id":"https:\/\/www.pik-vrbovec.hr\/#website","url":"https:\/\/www.pik-vrbovec.hr\/","name":"Pik Vrbovec","description":"","publisher":{"@id":"https:\/\/www.pik-vrbovec.hr\/#organization"},"potentialAction":[{"@type":"SearchAction","target":{"@type":"EntryPoint","urlTemplate":"https:\/\/www.pik-vrbovec.hr\/?s={search_term_string}"},"query-input":{"@type":"PropertyValueSpecification","valueRequired":true,"valueName":"search_term_string"}}],"inLanguage":"en-US"},{"@type":"Organization","@id":"https:\/\/www.pik-vrbovec.hr\/#organization","name":"Pik Vrbovec","url":"https:\/\/www.pik-vrbovec.hr\/","logo":{"@type":"ImageObject","inLanguage":"en-US","@id":"https:\/\/www.pik-vrbovec.hr\/#\/schema\/logo\/image\/","url":"https:\/\/www.pik-vrbovec.hr\/wp-content\/uploads\/2022\/02\/pik-logo.svg","contentUrl":"https:\/\/www.pik-vrbovec.hr\/wp-content\/uploads\/2022\/02\/pik-logo.svg","width":84,"height":84,"caption":"Pik Vrbovec"},"image":{"@id":"https:\/\/www.pik-vrbovec.hr\/#\/schema\/logo\/image\/"}}]}},"_links":{"self":[{"href":"https:\/\/www.pik-vrbovec.hr\/en\/wp-json\/wp\/v2\/pages\/5371","targetHints":{"allow":["GET"]}}],"collection":[{"href":"https:\/\/www.pik-vrbovec.hr\/en\/wp-json\/wp\/v2\/pages"}],"about":[{"href":"https:\/\/www.pik-vrbovec.hr\/en\/wp-json\/wp\/v2\/types\/page"}],"author":[{"embeddable":true,"href":"https:\/\/www.pik-vrbovec.hr\/en\/wp-json\/wp\/v2\/users\/1"}],"replies":[{"embeddable":true,"href":"https:\/\/www.pik-vrbovec.hr\/en\/wp-json\/wp\/v2\/comments?post=5371"}],"version-history":[{"count":20,"href":"https:\/\/www.pik-vrbovec.hr\/en\/wp-json\/wp\/v2\/pages\/5371\/revisions"}],"predecessor-version":[{"id":10065,"href":"https:\/\/www.pik-vrbovec.hr\/en\/wp-json\/wp\/v2\/pages\/5371\/revisions\/10065"}],"wp:featuredmedia":[{"embeddable":true,"href":"https:\/\/www.pik-vrbovec.hr\/en\/wp-json\/wp\/v2\/media\/1807"}],"wp:attachment":[{"href":"https:\/\/www.pik-vrbovec.hr\/en\/wp-json\/wp\/v2\/media?parent=5371"}],"wp:term":[{"taxonomy":"category","embeddable":true,"href":"https:\/\/www.pik-vrbovec.hr\/en\/wp-json\/wp\/v2\/categories?post=5371"},{"taxonomy":"post_tag","embeddable":true,"href":"https:\/\/www.pik-vrbovec.hr\/en\/wp-json\/wp\/v2\/tags?post=5371"}],"curies":[{"name":"wp","href":"https:\/\/api.w.org\/{rel}","templated":true}]}}