{"id":5367,"date":"2021-11-19T10:33:43","date_gmt":"2021-11-19T10:33:43","guid":{"rendered":"http:\/\/pik-vrbovec.hr\/eu-projects\/"},"modified":"2022-05-17T13:55:14","modified_gmt":"2022-05-17T13:55:14","slug":"eu-projects","status":"publish","type":"page","link":"https:\/\/www.pik-vrbovec.hr\/en\/eu-projects\/","title":{"rendered":"EU projects"},"content":{"rendered":"\t\t<div data-elementor-type=\"wp-page\" data-elementor-id=\"5367\" class=\"elementor elementor-5367\" data-elementor-post-type=\"page\">\n\t\t\t\t\t\t<section class=\"elementor-section elementor-top-section elementor-element elementor-element-97518d9 elementor-section-full_width single-header elementor-section-height-default elementor-section-height-default\" data-id=\"97518d9\" data-element_type=\"section\" data-settings=\"{&quot;background_background&quot;:&quot;classic&quot;}\">\n\t\t\t\t\t\t<div class=\"elementor-container elementor-column-gap-default\">\n\t\t\t\t\t<div class=\"elementor-column elementor-col-100 elementor-top-column elementor-element elementor-element-e09ae7d\" data-id=\"e09ae7d\" data-element_type=\"column\">\n\t\t\t<div class=\"elementor-widget-wrap elementor-element-populated\">\n\t\t\t\t\t\t<div class=\"elementor-element elementor-element-a50b6c1 elementor-widget elementor-widget-image\" data-id=\"a50b6c1\" data-element_type=\"widget\" data-widget_type=\"image.default\">\n\t\t\t\t<div class=\"elementor-widget-container\">\n\t\t\t\t\t\t\t\t\t\t\t\t\t\t\t<img fetchpriority=\"high\" decoding=\"async\" width=\"1920\" height=\"227\" src=\"https:\/\/www.pik-vrbovec.hr\/wp-content\/uploads\/2020\/03\/header-shape-divider.png\" class=\"attachment-full size-full wp-image-262\" alt=\"header shape divider\" srcset=\"https:\/\/www.pik-vrbovec.hr\/wp-content\/uploads\/2020\/03\/header-shape-divider.png 1920w, https:\/\/www.pik-vrbovec.hr\/wp-content\/uploads\/2020\/03\/header-shape-divider-300x35.png 300w, https:\/\/www.pik-vrbovec.hr\/wp-content\/uploads\/2020\/03\/header-shape-divider-1024x121.png 1024w, https:\/\/www.pik-vrbovec.hr\/wp-content\/uploads\/2020\/03\/header-shape-divider-768x91.png 768w, https:\/\/www.pik-vrbovec.hr\/wp-content\/uploads\/2020\/03\/header-shape-divider-1536x182.png 1536w, https:\/\/www.pik-vrbovec.hr\/wp-content\/uploads\/2020\/03\/header-shape-divider-1200x142.png 1200w\" sizes=\"(max-width: 1920px) 100vw, 1920px\" \/>\t\t\t\t\t\t\t\t\t\t\t\t\t\t\t<\/div>\n\t\t\t\t<\/div>\n\t\t\t\t\t<\/div>\n\t\t<\/div>\n\t\t\t\t\t<\/div>\n\t\t<\/section>\n\t\t\t\t<section class=\"elementor-section elementor-top-section elementor-element elementor-element-c88ea6f elementor-section-full_width elementor-section-height-default elementor-section-height-default\" data-id=\"c88ea6f\" data-element_type=\"section\">\n\t\t\t\t\t\t<div class=\"elementor-container elementor-column-gap-default\">\n\t\t\t\t\t<div class=\"elementor-column elementor-col-50 elementor-top-column elementor-element elementor-element-8ceb7e3\" data-id=\"8ceb7e3\" data-element_type=\"column\">\n\t\t\t<div class=\"elementor-widget-wrap elementor-element-populated\">\n\t\t\t\t\t\t<div class=\"elementor-element elementor-element-ec8bdd8 onama-breadcrumb elementor-widget elementor-widget-shortcode\" data-id=\"ec8bdd8\" data-element_type=\"widget\" data-widget_type=\"shortcode.default\">\n\t\t\t\t<div class=\"elementor-widget-container\">\n\t\t\t\t\t\t\t<div class=\"elementor-shortcode\"><p class=\"breadcrumbs\"><a href=\"https:\/\/www.pik-vrbovec.hr\/en\/\">Home<\/a> > EU projects<\/p><\/div>\n\t\t\t\t\t\t<\/div>\n\t\t\t\t<\/div>\n\t\t\t\t<div class=\"elementor-element elementor-element-5b3f839 elementor-hidden-desktop elementor-hidden-tablet elementor-widget elementor-widget-shortcode\" data-id=\"5b3f839\" data-element_type=\"widget\" data-widget_type=\"shortcode.default\">\n\t\t\t\t<div class=\"elementor-widget-container\">\n\t\t\t\t\t\t\t<div class=\"elementor-shortcode\"><select id=\"izbornik\" onchange=\"location = this.value;\"><option value=\"https:\/\/www.pik-vrbovec.hr\/osnovni-podaci\/\">Osnovni podaci<\/option><option value=\"https:\/\/www.pik-vrbovec.hr\/o-nama\/\">O nama<\/option><option value=\"https:\/\/www.pik-vrbovec.hr\/misija-i-vizija\/\">Misija i vizija<\/option><option value=\"https:\/\/www.pik-vrbovec.hr\/financije-i-investicije\/\">Financije i investicije<\/option><option value=\"https:\/\/www.pik-vrbovec.hr\/integrirani-sustav-upravljanja\/\">Integrirani sustav upravljanja<\/option><option value=\"https:\/\/www.pik-vrbovec.hr\/kvaliteta-i-sigurnost-hrane\/\">Kvaliteta i sigurnost hrane<\/option><option value=\"https:\/\/www.pik-vrbovec.hr\/zastita-okolisa-energetska-ucinkovitost-zdravlje-i-sigurnost\/\">Za\u0161tita okoli\u0161a, energetska u\u010dinkovitost, zdravlje i sigurnost<\/option><option value=\"https:\/\/www.pik-vrbovec.hr\/distributivna-mapa\/\">Distributivna mapa<\/option><option value=\"https:\/\/www.pik-vrbovec.hr\/eu-projekti\/\">EU projekti<\/option><\/select><\/div>\n\t\t\t\t\t\t<\/div>\n\t\t\t\t<\/div>\n\t\t\t\t<div class=\"elementor-element elementor-element-cefdf03 elementor-hidden-phone o-nama-menu elementor-widget elementor-widget-wp-widget-nav_menu\" data-id=\"cefdf03\" data-element_type=\"widget\" data-widget_type=\"wp-widget-nav_menu.default\">\n\t\t\t\t<div class=\"elementor-widget-container\">\n\t\t\t\t\t<nav class=\"menu-about-us-menu-container\" aria-label=\"Menu\"><ul id=\"menu-about-us-menu\" class=\"menu\"><li id=\"menu-item-5386\" class=\"menu-item menu-item-type-post_type menu-item-object-page menu-item-5386\"><a href=\"https:\/\/www.pik-vrbovec.hr\/en\/essential-facts\/\">Essential facts<\/a><\/li>\n<li id=\"menu-item-5387\" class=\"menu-item menu-item-type-post_type menu-item-object-page menu-item-5387\"><a href=\"https:\/\/www.pik-vrbovec.hr\/en\/mission-and-vision\/\">Mission and vision<\/a><\/li>\n<li id=\"menu-item-5390\" class=\"menu-item menu-item-type-post_type menu-item-object-page menu-item-5390\"><a href=\"https:\/\/www.pik-vrbovec.hr\/en\/finance-and-investment\/\">Finance and Investment<\/a><\/li>\n<li id=\"menu-item-5389\" class=\"menu-item menu-item-type-post_type menu-item-object-page menu-item-5389\"><a href=\"https:\/\/www.pik-vrbovec.hr\/en\/integrated-system\/\">Integrated System<\/a><\/li>\n<li id=\"menu-item-5388\" class=\"menu-item menu-item-type-post_type menu-item-object-page menu-item-5388\"><a href=\"https:\/\/www.pik-vrbovec.hr\/en\/food-quality-and-safety\/\">Food quality and safety<\/a><\/li>\n<li id=\"menu-item-5385\" class=\"menu-item menu-item-type-post_type menu-item-object-page menu-item-5385\"><a href=\"https:\/\/www.pik-vrbovec.hr\/en\/environmental-protection-health-and-safety\/\">Environmental protection, health and safety<\/a><\/li>\n<li id=\"menu-item-5392\" class=\"menu-item menu-item-type-post_type menu-item-object-page menu-item-5392\"><a href=\"https:\/\/www.pik-vrbovec.hr\/en\/distribution-map\/\">Distribution map<\/a><\/li>\n<li id=\"menu-item-5391\" class=\"menu-item menu-item-type-post_type menu-item-object-page menu-item-5391\"><a href=\"https:\/\/www.pik-vrbovec.hr\/en\/eu-projects\/\">EU projects<\/a><\/li>\n<\/ul><\/nav>\t\t\t\t<\/div>\n\t\t\t\t<\/div>\n\t\t\t\t\t<\/div>\n\t\t<\/div>\n\t\t\t\t<div class=\"elementor-column elementor-col-50 elementor-top-column elementor-element elementor-element-87b491b glavni-red animated-slow elementor-invisible\" data-id=\"87b491b\" data-element_type=\"column\" data-settings=\"{&quot;background_background&quot;:&quot;classic&quot;,&quot;animation&quot;:&quot;fadeIn&quot;}\">\n\t\t\t<div class=\"elementor-widget-wrap elementor-element-populated\">\n\t\t\t\t\t\t<div class=\"elementor-element elementor-element-6e241a6 elementor-widget elementor-widget-heading\" data-id=\"6e241a6\" data-element_type=\"widget\" data-widget_type=\"heading.default\">\n\t\t\t\t<div class=\"elementor-widget-container\">\n\t\t\t\t\t<h2 class=\"elementor-heading-title elementor-size-default\">EU projects<\/h2>\t\t\t\t<\/div>\n\t\t\t\t<\/div>\n\t\t\t\t<div class=\"elementor-element elementor-element-edd9b03 elementor-widget elementor-widget-spacer\" data-id=\"edd9b03\" data-element_type=\"widget\" data-widget_type=\"spacer.default\">\n\t\t\t\t<div class=\"elementor-widget-container\">\n\t\t\t\t\t\t\t<div class=\"elementor-spacer\">\n\t\t\t<div class=\"elementor-spacer-inner\"><\/div>\n\t\t<\/div>\n\t\t\t\t\t\t<\/div>\n\t\t\t\t<\/div>\n\t\t\t\t<div class=\"elementor-element elementor-element-cf5d977 elementor-widget elementor-widget-text-editor\" data-id=\"cf5d977\" data-element_type=\"widget\" data-widget_type=\"text-editor.default\">\n\t\t\t\t<div class=\"elementor-widget-container\">\n\t\t\t\t\t\t\t\t\tThe implementation of the project &#8220;Clean Label &#8211; Development of a Line of Meat Products without Additives&#8221; is currently underway. The project is co-financed by the European Union from the European Regional Development Fund.\t\t\t\t\t\t\t\t<\/div>\n\t\t\t\t<\/div>\n\t\t\t\t<div class=\"elementor-element elementor-element-c608a31 elementor-widget elementor-widget-image\" data-id=\"c608a31\" data-element_type=\"widget\" data-widget_type=\"image.default\">\n\t\t\t\t<div class=\"elementor-widget-container\">\n\t\t\t\t\t\t\t\t\t\t\t\t\t\t\t<img decoding=\"async\" width=\"700\" height=\"200\" src=\"https:\/\/www.pik-vrbovec.hr\/wp-content\/uploads\/2021\/11\/eu_projekt.png\" class=\"attachment-full size-full wp-image-4592\" alt=\"eu_projekt\" srcset=\"https:\/\/www.pik-vrbovec.hr\/wp-content\/uploads\/2021\/11\/eu_projekt.png 700w, https:\/\/www.pik-vrbovec.hr\/wp-content\/uploads\/2021\/11\/eu_projekt-400x114.png 400w, https:\/\/www.pik-vrbovec.hr\/wp-content\/uploads\/2021\/11\/eu_projekt-24x7.png 24w, https:\/\/www.pik-vrbovec.hr\/wp-content\/uploads\/2021\/11\/eu_projekt-36x10.png 36w, https:\/\/www.pik-vrbovec.hr\/wp-content\/uploads\/2021\/11\/eu_projekt-48x14.png 48w\" sizes=\"(max-width: 700px) 100vw, 700px\" \/>\t\t\t\t\t\t\t\t\t\t\t\t\t\t\t<\/div>\n\t\t\t\t<\/div>\n\t\t\t\t<div class=\"elementor-element elementor-element-5fc5349 elementor-widget elementor-widget-text-editor\" data-id=\"5fc5349\" data-element_type=\"widget\" data-widget_type=\"text-editor.default\">\n\t\t\t\t<div class=\"elementor-widget-container\">\n\t\t\t\t\t\t\t\t\t<p><strong>Project beneficiary:<\/strong> PIK VRBOVEC plus d.o.o.<\/p><p><strong>Project partner:<\/strong> Croatian Institute for Public Health<\/p><p><strong>Total project value:<\/strong> 20.353.265,19 HRK<\/p><p><strong>Amount co-financed by the EU:<\/strong> 11.978.207,08 HRK<\/p><p><strong>Duration of the project:<\/strong> 30.6.2020. &#8211; 30.9.2023.<\/p>\t\t\t\t\t\t\t\t<\/div>\n\t\t\t\t<\/div>\n\t\t\t\t<div class=\"elementor-element elementor-element-46ded09 elementor-widget elementor-widget-text-editor\" data-id=\"46ded09\" data-element_type=\"widget\" data-widget_type=\"text-editor.default\">\n\t\t\t\t<div class=\"elementor-widget-container\">\n\t\t\t\t\t\t\t\t\t<p><strong>A brief description of the project:<\/strong><br \/>The project is aimed at developing a new \u2018clean label\u2019 product line in the meat products segment. Realization of the project is planned in two phases &#8211; industrial research and experimental development. This project follows an important trend in the industry: the health and wellbeing of consumers. In addition to the multidisciplinary teams from PIK Vrbovec, colleagues from the Croatian Institute of Public Health, which is a strategic partner of the project, are actively participating in the project.<\/p><p><strong>Objectives and expected results of the project:<\/strong><\/p><ul><li>Development of a new \u2018clean label\u2019 line of meat products<\/li><li>Successful marketing of products at the end of the project, i.e., after experimental development<\/li><li>Successful and active cooperation of multidisciplinary teams from PIK Vrbovec and the Croatian Institute of Public Health with other stakeholders and external partners<\/li><\/ul><p><strong>Contacts for additional information:<\/strong><\/p><ul><li>Ines Bertinovec, <a href=\"mailto:ines.bertinovec@pik-vrbovec.hr\" target=\"_blank\" rel=\"noopener\">ines.bertinovec@pik-vrbovec.hr<\/a><\/li><li>Matej Bak\u0161i\u0107, <a href=\"mailto:matej.baksic@pik-vrbovec.hr\" target=\"_blank\" rel=\"noopener\">matej.baksic@pik-vrbovec.hr<\/a><\/li><\/ul><p><strong>Additional information is available at:<\/strong><\/p><ul><li><a href=\"https:\/\/strukturnifondovi.hr\/\" target=\"_blank\" rel=\"noopener\">www.strukturnifondovi.hr<\/a><\/li><\/ul>\t\t\t\t\t\t\t\t<\/div>\n\t\t\t\t<\/div>\n\t\t\t\t<div class=\"elementor-element elementor-element-4ace81d elementor-widget elementor-widget-text-editor\" data-id=\"4ace81d\" data-element_type=\"widget\" data-widget_type=\"text-editor.default\">\n\t\t\t\t<div class=\"elementor-widget-container\">\n\t\t\t\t\t\t\t\t\t<p><em>The development of the project subpage was co-financed by the European Union from the European Regional Development Fund.<\/em><\/p><p><em>The content of the site is the sole responsibility of PIK VRBOVEC plus d.o.o.<\/em><\/p>\t\t\t\t\t\t\t\t<\/div>\n\t\t\t\t<\/div>\n\t\t\t\t\t<\/div>\n\t\t<\/div>\n\t\t\t\t\t<\/div>\n\t\t<\/section>\n\t\t\t\t<\/div>\n\t\t","protected":false},"excerpt":{"rendered":"<p>EU projects The implementation of the project &#8220;Clean Label &#8211; Development of a Line of Meat Products without Additives&#8221; is currently underway. The project is co-financed by the European Union from the European Regional Development Fund. Project beneficiary: PIK VRBOVEC plus d.o.o. Project partner: Croatian Institute for Public Health Total project value: 20.353.265,19 HRK Amount [&hellip;]<\/p>\n","protected":false},"author":1,"featured_media":4593,"parent":0,"menu_order":0,"comment_status":"closed","ping_status":"closed","template":"elementor_header_footer","meta":{"_acf_changed":false,"footnotes":""},"categories":[],"tags":[],"class_list":["post-5367","page","type-page","status-publish","has-post-thumbnail","hentry"],"acf":[],"yoast_head":"<!-- This site is optimized with the Yoast SEO plugin v27.0 - https:\/\/yoast.com\/product\/yoast-seo-wordpress\/ -->\n<title>EU projects - Pik Vrbovec<\/title>\n<meta name=\"description\" content=\"The implementation of the project &quot;Clean Label - Development of a Line of Meat Products without Additives&quot; is currently underway. The project is co-financed by the European Union from the European Regional Development Fund.\" \/>\n<meta name=\"robots\" content=\"index, follow, max-snippet:-1, max-image-preview:large, max-video-preview:-1\" \/>\n<link rel=\"canonical\" href=\"https:\/\/www.pik-vrbovec.hr\/en\/eu-projects\/\" \/>\n<meta property=\"og:locale\" content=\"en_US\" \/>\n<meta property=\"og:type\" content=\"article\" \/>\n<meta property=\"og:title\" content=\"EU projects - Pik Vrbovec\" \/>\n<meta property=\"og:description\" content=\"The implementation of the project &quot;Clean Label - Development of a Line of Meat Products without Additives&quot; is currently underway. The project is co-financed by the European Union from the European Regional Development Fund.\" \/>\n<meta property=\"og:url\" content=\"https:\/\/www.pik-vrbovec.hr\/en\/eu-projects\/\" \/>\n<meta property=\"og:site_name\" content=\"Pik Vrbovec\" \/>\n<meta property=\"article:modified_time\" content=\"2022-05-17T13:55:14+00:00\" \/>\n<meta property=\"og:image\" content=\"https:\/\/www.pik-vrbovec.hr\/wp-content\/uploads\/2021\/11\/eu_projekt.png\" \/>\n\t<meta property=\"og:image:width\" content=\"700\" \/>\n\t<meta property=\"og:image:height\" content=\"200\" \/>\n\t<meta property=\"og:image:type\" content=\"image\/png\" \/>\n<meta name=\"twitter:card\" content=\"summary_large_image\" \/>\n<meta name=\"twitter:label1\" content=\"Est. reading time\" \/>\n\t<meta name=\"twitter:data1\" content=\"2 minutes\" \/>\n<script type=\"application\/ld+json\" class=\"yoast-schema-graph\">{\"@context\":\"https:\/\/schema.org\",\"@graph\":[{\"@type\":\"WebPage\",\"@id\":\"https:\/\/www.pik-vrbovec.hr\/en\/eu-projects\/\",\"url\":\"https:\/\/www.pik-vrbovec.hr\/en\/eu-projects\/\",\"name\":\"EU projects - Pik Vrbovec\",\"isPartOf\":{\"@id\":\"https:\/\/www.pik-vrbovec.hr\/#website\"},\"primaryImageOfPage\":{\"@id\":\"https:\/\/www.pik-vrbovec.hr\/en\/eu-projects\/#primaryimage\"},\"image\":{\"@id\":\"https:\/\/www.pik-vrbovec.hr\/en\/eu-projects\/#primaryimage\"},\"thumbnailUrl\":\"https:\/\/www.pik-vrbovec.hr\/wp-content\/uploads\/2021\/11\/eu_projekt.png\",\"datePublished\":\"2021-11-19T10:33:43+00:00\",\"dateModified\":\"2022-05-17T13:55:14+00:00\",\"description\":\"The implementation of the project \\\"Clean Label - Development of a Line of Meat Products without Additives\\\" is currently underway. The project is co-financed by the European Union from the European Regional Development Fund.\",\"breadcrumb\":{\"@id\":\"https:\/\/www.pik-vrbovec.hr\/en\/eu-projects\/#breadcrumb\"},\"inLanguage\":\"en-US\",\"potentialAction\":[{\"@type\":\"ReadAction\",\"target\":[\"https:\/\/www.pik-vrbovec.hr\/en\/eu-projects\/\"]}]},{\"@type\":\"ImageObject\",\"inLanguage\":\"en-US\",\"@id\":\"https:\/\/www.pik-vrbovec.hr\/en\/eu-projects\/#primaryimage\",\"url\":\"https:\/\/www.pik-vrbovec.hr\/wp-content\/uploads\/2021\/11\/eu_projekt.png\",\"contentUrl\":\"https:\/\/www.pik-vrbovec.hr\/wp-content\/uploads\/2021\/11\/eu_projekt.png\",\"width\":700,\"height\":200,\"caption\":\"eu_projekt\"},{\"@type\":\"BreadcrumbList\",\"@id\":\"https:\/\/www.pik-vrbovec.hr\/en\/eu-projects\/#breadcrumb\",\"itemListElement\":[{\"@type\":\"ListItem\",\"position\":1,\"name\":\"Home\",\"item\":\"https:\/\/www.pik-vrbovec.hr\/en\/\"},{\"@type\":\"ListItem\",\"position\":2,\"name\":\"EU projects\"}]},{\"@type\":\"WebSite\",\"@id\":\"https:\/\/www.pik-vrbovec.hr\/#website\",\"url\":\"https:\/\/www.pik-vrbovec.hr\/\",\"name\":\"Pik Vrbovec\",\"description\":\"\",\"publisher\":{\"@id\":\"https:\/\/www.pik-vrbovec.hr\/#organization\"},\"potentialAction\":[{\"@type\":\"SearchAction\",\"target\":{\"@type\":\"EntryPoint\",\"urlTemplate\":\"https:\/\/www.pik-vrbovec.hr\/?s={search_term_string}\"},\"query-input\":{\"@type\":\"PropertyValueSpecification\",\"valueRequired\":true,\"valueName\":\"search_term_string\"}}],\"inLanguage\":\"en-US\"},{\"@type\":\"Organization\",\"@id\":\"https:\/\/www.pik-vrbovec.hr\/#organization\",\"name\":\"Pik Vrbovec\",\"url\":\"https:\/\/www.pik-vrbovec.hr\/\",\"logo\":{\"@type\":\"ImageObject\",\"inLanguage\":\"en-US\",\"@id\":\"https:\/\/www.pik-vrbovec.hr\/#\/schema\/logo\/image\/\",\"url\":\"https:\/\/www.pik-vrbovec.hr\/wp-content\/uploads\/2022\/02\/pik-logo.svg\",\"contentUrl\":\"https:\/\/www.pik-vrbovec.hr\/wp-content\/uploads\/2022\/02\/pik-logo.svg\",\"width\":84,\"height\":84,\"caption\":\"Pik Vrbovec\"},\"image\":{\"@id\":\"https:\/\/www.pik-vrbovec.hr\/#\/schema\/logo\/image\/\"}}]}<\/script>\n<!-- \/ Yoast SEO plugin. -->","yoast_head_json":{"title":"EU projects - Pik Vrbovec","description":"The implementation of the project \"Clean Label - Development of a Line of Meat Products without Additives\" is currently underway. The project is co-financed by the European Union from the European Regional Development Fund.","robots":{"index":"index","follow":"follow","max-snippet":"max-snippet:-1","max-image-preview":"max-image-preview:large","max-video-preview":"max-video-preview:-1"},"canonical":"https:\/\/www.pik-vrbovec.hr\/en\/eu-projects\/","og_locale":"en_US","og_type":"article","og_title":"EU projects - Pik Vrbovec","og_description":"The implementation of the project \"Clean Label - Development of a Line of Meat Products without Additives\" is currently underway. The project is co-financed by the European Union from the European Regional Development Fund.","og_url":"https:\/\/www.pik-vrbovec.hr\/en\/eu-projects\/","og_site_name":"Pik Vrbovec","article_modified_time":"2022-05-17T13:55:14+00:00","og_image":[{"width":700,"height":200,"url":"https:\/\/www.pik-vrbovec.hr\/wp-content\/uploads\/2021\/11\/eu_projekt.png","type":"image\/png"}],"twitter_card":"summary_large_image","twitter_misc":{"Est. reading time":"2 minutes"},"schema":{"@context":"https:\/\/schema.org","@graph":[{"@type":"WebPage","@id":"https:\/\/www.pik-vrbovec.hr\/en\/eu-projects\/","url":"https:\/\/www.pik-vrbovec.hr\/en\/eu-projects\/","name":"EU projects - Pik Vrbovec","isPartOf":{"@id":"https:\/\/www.pik-vrbovec.hr\/#website"},"primaryImageOfPage":{"@id":"https:\/\/www.pik-vrbovec.hr\/en\/eu-projects\/#primaryimage"},"image":{"@id":"https:\/\/www.pik-vrbovec.hr\/en\/eu-projects\/#primaryimage"},"thumbnailUrl":"https:\/\/www.pik-vrbovec.hr\/wp-content\/uploads\/2021\/11\/eu_projekt.png","datePublished":"2021-11-19T10:33:43+00:00","dateModified":"2022-05-17T13:55:14+00:00","description":"The implementation of the project \"Clean Label - Development of a Line of Meat Products without Additives\" is currently underway. The project is co-financed by the European Union from the European Regional Development Fund.","breadcrumb":{"@id":"https:\/\/www.pik-vrbovec.hr\/en\/eu-projects\/#breadcrumb"},"inLanguage":"en-US","potentialAction":[{"@type":"ReadAction","target":["https:\/\/www.pik-vrbovec.hr\/en\/eu-projects\/"]}]},{"@type":"ImageObject","inLanguage":"en-US","@id":"https:\/\/www.pik-vrbovec.hr\/en\/eu-projects\/#primaryimage","url":"https:\/\/www.pik-vrbovec.hr\/wp-content\/uploads\/2021\/11\/eu_projekt.png","contentUrl":"https:\/\/www.pik-vrbovec.hr\/wp-content\/uploads\/2021\/11\/eu_projekt.png","width":700,"height":200,"caption":"eu_projekt"},{"@type":"BreadcrumbList","@id":"https:\/\/www.pik-vrbovec.hr\/en\/eu-projects\/#breadcrumb","itemListElement":[{"@type":"ListItem","position":1,"name":"Home","item":"https:\/\/www.pik-vrbovec.hr\/en\/"},{"@type":"ListItem","position":2,"name":"EU projects"}]},{"@type":"WebSite","@id":"https:\/\/www.pik-vrbovec.hr\/#website","url":"https:\/\/www.pik-vrbovec.hr\/","name":"Pik Vrbovec","description":"","publisher":{"@id":"https:\/\/www.pik-vrbovec.hr\/#organization"},"potentialAction":[{"@type":"SearchAction","target":{"@type":"EntryPoint","urlTemplate":"https:\/\/www.pik-vrbovec.hr\/?s={search_term_string}"},"query-input":{"@type":"PropertyValueSpecification","valueRequired":true,"valueName":"search_term_string"}}],"inLanguage":"en-US"},{"@type":"Organization","@id":"https:\/\/www.pik-vrbovec.hr\/#organization","name":"Pik Vrbovec","url":"https:\/\/www.pik-vrbovec.hr\/","logo":{"@type":"ImageObject","inLanguage":"en-US","@id":"https:\/\/www.pik-vrbovec.hr\/#\/schema\/logo\/image\/","url":"https:\/\/www.pik-vrbovec.hr\/wp-content\/uploads\/2022\/02\/pik-logo.svg","contentUrl":"https:\/\/www.pik-vrbovec.hr\/wp-content\/uploads\/2022\/02\/pik-logo.svg","width":84,"height":84,"caption":"Pik Vrbovec"},"image":{"@id":"https:\/\/www.pik-vrbovec.hr\/#\/schema\/logo\/image\/"}}]}},"_links":{"self":[{"href":"https:\/\/www.pik-vrbovec.hr\/en\/wp-json\/wp\/v2\/pages\/5367","targetHints":{"allow":["GET"]}}],"collection":[{"href":"https:\/\/www.pik-vrbovec.hr\/en\/wp-json\/wp\/v2\/pages"}],"about":[{"href":"https:\/\/www.pik-vrbovec.hr\/en\/wp-json\/wp\/v2\/types\/page"}],"author":[{"embeddable":true,"href":"https:\/\/www.pik-vrbovec.hr\/en\/wp-json\/wp\/v2\/users\/1"}],"replies":[{"embeddable":true,"href":"https:\/\/www.pik-vrbovec.hr\/en\/wp-json\/wp\/v2\/comments?post=5367"}],"version-history":[{"count":10,"href":"https:\/\/www.pik-vrbovec.hr\/en\/wp-json\/wp\/v2\/pages\/5367\/revisions"}],"predecessor-version":[{"id":8570,"href":"https:\/\/www.pik-vrbovec.hr\/en\/wp-json\/wp\/v2\/pages\/5367\/revisions\/8570"}],"wp:featuredmedia":[{"embeddable":true,"href":"https:\/\/www.pik-vrbovec.hr\/en\/wp-json\/wp\/v2\/media\/4593"}],"wp:attachment":[{"href":"https:\/\/www.pik-vrbovec.hr\/en\/wp-json\/wp\/v2\/media?parent=5367"}],"wp:term":[{"taxonomy":"category","embeddable":true,"href":"https:\/\/www.pik-vrbovec.hr\/en\/wp-json\/wp\/v2\/categories?post=5367"},{"taxonomy":"post_tag","embeddable":true,"href":"https:\/\/www.pik-vrbovec.hr\/en\/wp-json\/wp\/v2\/tags?post=5367"}],"curies":[{"name":"wp","href":"https:\/\/api.w.org\/{rel}","templated":true}]}}